{"id":968,"date":"2012-02-20T18:29:59","date_gmt":"2012-02-20T18:29:59","guid":{"rendered":"http:\/\/giec.blogs.uva.es\/?page_id=968"},"modified":"2019-07-08T10:25:03","modified_gmt":"2019-07-08T10:25:03","slug":"miembros-giec","status":"publish","type":"page","link":"https:\/\/giec.blogs.uva.es\/?page_id=968","title":{"rendered":"MEMBERS"},"content":{"rendered":"<p>[:es]<\/p>\n<h3 class=\"art-postheader\">Miembros ordinarios<\/h3>\n<ul>\n<li><a title=\"Luis C\u00e9sar Herrero Prieto\" href=\"https:\/\/giec.blogs.uva.es\/?page_id=1063\"><span style=\"font-size: 14px\">Luis C\u00e9sar Herrero Prieto<br \/>\n<span style=\"font-size: 12px\">(Coordinador)<\/span><\/span><\/a><\/li>\n<li><a title=\"Mar\u00eda Jos\u00e9 del Barrio Tellado\" href=\"https:\/\/giec.blogs.uva.es\/?page_id=1066\"><span style=\"font-size: 14px\">Mar\u00eda Jos\u00e9 del Barrio Tellado<\/span><\/a><\/li>\n<li><a title=\"Ana Bedate Centeno\" href=\"https:\/\/giec.blogs.uva.es\/?page_id=1067\"><span style=\"font-size: 14px\">Ana Bedate Centeno<\/span><\/a><\/li>\n<li><a title=\"Mar\u00eda Devesa Fern\u00e1ndez\" href=\"https:\/\/giec.blogs.uva.es\/?page_id=1068\"><span style=\"font-size: 14px\">Mar\u00eda Devesa Fern\u00e1ndez<\/span><\/a><\/li>\n<li><a title=\"Jos\u00e9 \u00c1ngel Sanz Lara\" href=\"https:\/\/giec.blogs.uva.es\/?page_id=1064\"><span style=\"font-size: 14px\">Jos\u00e9 \u00c1ngel Sanz Lara<\/span><\/a><\/li>\n<\/ul>\n<h3 class=\"art-postheader\">Miembros asociados<\/h3>\n<ul>\n<li><a title=\"Liliana Andrea B\u00e1ez Montenegro\" href=\"https:\/\/giec.blogs.uva.es\/?page_id=1065\"><span style=\"font-size: 14px\">Liliana Andrea B\u00e1ez Montenegro<\/span><\/a><\/li>\n<li><a title=\"V\u00edctor Fernando Figueroa Arcila\" href=\"https:\/\/giec.blogs.uva.es\/?page_id=1076\"><span style=\"font-size: 14px\">V\u00edctor Fernando Figueroa Arcila<\/span><\/a><\/li>\n<li><a title=\"Liliana Andrea B\u00e1ez Montenegro\" href=\"https:\/\/giec.blogs.uva.es\/?page_id=1507\"><span style=\"font-size: 14px\">Mafalda G\u00f3mez Vega<\/span><\/a><\/li>\n<\/ul>\n<h3><\/h3>\n<h3 class=\"art-postheader\">Alumnos de Doctorado<\/h3>\n<ul>\n<li><span style=\"font-size: 14px\"><a title=\"Liliana Andrea B\u00e1ez Montenegro\" href=\"https:\/\/giec.blogs.uva.es\/?page_id=1511\">Iv\u00e1n Boal San Miguel<\/a><\/span><\/li>\n<li><span style=\"font-size: 14px\"><a title=\"Liliana Andrea B\u00e1ez Montenegro\" href=\"https:\/\/giec.blogs.uva.es\/?page_id=1514\">Benedetta \u00a0Parenti<\/a><\/span><\/li>\n<li><span style=\"font-size: 14px\"><a title=\"Liliana Andrea B\u00e1ez Montenegro\" href=\"https:\/\/giec.blogs.uva.es\/?page_id=1608\">Jonathan Daniel G\u00f3mez Zapata<\/a><\/span><\/li>\n<\/ul>\n<p>[:gb]<\/p>\n<h3 class=\"art-postheader\">Ordinary members<\/h3>\n<ul>\n<li><a title=\"Luis C\u00e9sar Herrero Prieto\" href=\"https:\/\/giec.blogs.uva.es\/?page_id=1063\"><span style=\"font-size: 14px\">Luis C\u00e9sar Herrero Prieto<br \/>\n<span style=\"font-size: 12px\">(Coordinador)<\/span><\/span><\/a><\/li>\n<li><a title=\"Mar\u00eda Jos\u00e9 del Barrio Tellado\" href=\"https:\/\/giec.blogs.uva.es\/?page_id=1066\"><span style=\"font-size: 14px\">Mar\u00eda Jos\u00e9 del Barrio Tellado<\/span><\/a><\/li>\n<li><a title=\"Ana Bedate Centeno\" href=\"https:\/\/giec.blogs.uva.es\/?page_id=1067\"><span style=\"font-size: 14px\">Ana Bedate Centeno<\/span><\/a><\/li>\n<li><a title=\"Mar\u00eda Devesa Fern\u00e1ndez\" href=\"https:\/\/giec.blogs.uva.es\/?page_id=1068\"><span style=\"font-size: 14px\">Mar\u00eda Devesa Fern\u00e1ndez<\/span><\/a><\/li>\n<li><a title=\"Jos\u00e9 \u00c1ngel Sanz Lara\" href=\"https:\/\/giec.blogs.uva.es\/?page_id=1064\"><span style=\"font-size: 14px\">Jos\u00e9 \u00c1ngel Sanz Lara<\/span><\/a><\/li>\n<\/ul>\n<h3 class=\"art-postheader\">[:gb]Associate members<\/h3>\n<ul>\n<li><a title=\"Liliana Andrea B\u00e1ez Montenegro\" href=\"https:\/\/giec.blogs.uva.es\/?page_id=1065\"><span style=\"font-size: 14px\">Liliana Andrea B\u00e1ez Montenegro<\/span><\/a><\/li>\n<li><a title=\"V\u00edctor Fernando Figueroa Arcila\" href=\"https:\/\/giec.blogs.uva.es\/?page_id=1076\"><span style=\"font-size: 14px\">V\u00edctor Fernando Figueroa Arcila<\/span><\/a><\/li>\n<\/ul>\n<h3 class=\"art-postheader\">[:gb]Phd students<\/h3>\n<ul>\n<li><span style=\"font-size: 14px\"><a title=\"Liliana Andrea B\u00e1ez Montenegro\" href=\"https:\/\/giec.blogs.uva.es\/?page_id=1511\">Iv\u00e1n Boal San Miguel<\/a><\/span><\/li>\n<li><a title=\"Liliana Andrea B\u00e1ez Montenegro\" href=\"https:\/\/giec.blogs.uva.es\/?page_id=1507\"><span style=\"font-size: 14px\">Mafalda G\u00f3mez Vega<\/span><\/a><\/li>\n<li><span style=\"font-size: 14px\"><a title=\"Liliana Andrea B\u00e1ez Montenegro\" href=\"https:\/\/giec.blogs.uva.es\/?page_id=1514\">Benedetta \u00a0Parenti<\/a><\/span><\/li>\n<li><span style=\"font-size: 14px\"><a title=\"Liliana Andrea B\u00e1ez Montenegro\" href=\"https:\/\/giec.blogs.uva.es\/?page_id=1608\">Jonathan Daniel G\u00f3mez Zapata<\/a><\/span><\/li>\n<\/ul>\n","protected":false},"excerpt":{"rendered":"<p>[:es] Miembros ordinarios Luis C\u00e9sar Herrero Prieto (Coordinador) Mar\u00eda Jos\u00e9 del Barrio Tellado Ana Bedate Centeno Mar\u00eda Devesa Fern\u00e1ndez Jos\u00e9 \u00c1ngel Sanz Lara Miembros asociados Liliana Andrea B\u00e1ez Montenegro V\u00edctor Fernando Figueroa Arcila Mafalda G\u00f3mez Vega Alumnos de Doctorado Iv\u00e1n Boal San Miguel Benedetta \u00a0Parenti Jonathan Daniel G\u00f3mez Zapata [:gb] Ordinary members Luis C\u00e9sar Herrero [&hellip;]<\/p>\n","protected":false},"author":59,"featured_media":0,"parent":0,"menu_order":0,"comment_status":"closed","ping_status":"closed","template":"","meta":{"footnotes":""},"class_list":["post-968","page","type-page","status-publish","hentry"],"_links":{"self":[{"href":"https:\/\/giec.blogs.uva.es\/index.php?rest_route=\/wp\/v2\/pages\/968","targetHints":{"allow":["GET"]}}],"collection":[{"href":"https:\/\/giec.blogs.uva.es\/index.php?rest_route=\/wp\/v2\/pages"}],"about":[{"href":"https:\/\/giec.blogs.uva.es\/index.php?rest_route=\/wp\/v2\/types\/page"}],"author":[{"embeddable":true,"href":"https:\/\/giec.blogs.uva.es\/index.php?rest_route=\/wp\/v2\/users\/59"}],"replies":[{"embeddable":true,"href":"https:\/\/giec.blogs.uva.es\/index.php?rest_route=%2Fwp%2Fv2%2Fcomments&post=968"}],"version-history":[{"count":0,"href":"https:\/\/giec.blogs.uva.es\/index.php?rest_route=\/wp\/v2\/pages\/968\/revisions"}],"wp:attachment":[{"href":"https:\/\/giec.blogs.uva.es\/index.php?rest_route=%2Fwp%2Fv2%2Fmedia&parent=968"}],"curies":[{"name":"wp","href":"https:\/\/api.w.org\/{rel}","templated":true}]}}