{"id":77,"date":"2012-02-09T01:59:46","date_gmt":"2012-02-09T01:59:46","guid":{"rendered":"http:\/\/localhost\/giec_uva\/?page_id=77"},"modified":"2015-12-02T10:01:42","modified_gmt":"2015-12-02T10:01:42","slug":"tesis-doctorales","status":"publish","type":"page","link":"https:\/\/giec.blogs.uva.es\/?page_id=77","title":{"rendered":"PhD Thesis"},"content":{"rendered":"<p>[:es]<\/p>\n<hr \/>\n<p>T\u00cdTULO: \u201cDesarrollo comunal en Chile: an\u00e1lisis de las disparidades espaciales\u201d<\/p>\n<p>DOCTORANDO: V\u00edctor Fernando Figueroa Arcila<\/p>\n<p>DIRECTOR: Luis C\u00e9sar Herrero Prieto<\/p>\n<p>UNIVERSIDAD: Universidad de Valladolid<\/p>\n<p>FACULTAD\/ESCUELA: Facultad de Ciencias Econ\u00f3micas y Empresariales<\/p>\n<p>A\u00d1O: 2003\u00a0\u00a0\u00a0\u00a0\u00a0\u00a0\u00a0\u00a0\u00a0\u00a0\u00a0\u00a0\u00a0\u00a0\u00a0\u00a0\u00a0\u00a0\u00a0\u00a0\u00a0\u00a0\u00a0\u00a0\u00a0 CALIFICACI\u00d3N: Sobresaliente cum Laude por unanimidad<\/p>\n<hr \/>\n<p>T\u00cdTULO: \u201cValoraci\u00f3n del patrimonio cultural. An\u00e1lisis econ\u00f3mico y estad\u00edstico. Aplicaci\u00f3n al Museo Nacional de Escultura de Valladolid.\u201d<\/p>\n<p>DOCTORANDO: Jos\u00e9 Angel Sanz Lara<\/p>\n<p>DIRECTOR: Luis C\u00e9sar Herrero Prieto<\/p>\n<p>UNIVERSIDAD: Universidad de Valladolid<\/p>\n<p>FACULTAD\/ESCUELA: Facultad de Ciencias Econ\u00f3micas y Empresariales<\/p>\n<p>A\u00d1O: 2004\u00a0\u00a0\u00a0\u00a0\u00a0\u00a0\u00a0\u00a0\u00a0\u00a0\u00a0\u00a0\u00a0\u00a0\u00a0\u00a0\u00a0\u00a0\u00a0\u00a0\u00a0\u00a0\u00a0\u00a0\u00a0 CALIFICACI\u00d3N: Sobresaliente cum Laude por unanimidad<\/p>\n<hr \/>\n<p>T\u00cdTULO: \u201cEconom\u00eda de los festivales culturales: La dimensi\u00f3n econ\u00f3mica y social de la Semana Internacional de Cine de Valladolid.\u201d<\/p>\n<p>DOCTORANDO: Maria Devesa Fern\u00e1ndez<\/p>\n<p>DIRECTOR: Luis C\u00e9sar Herrero Prieto<\/p>\n<p>UNIVERSIDAD: Universidad de Valladolid<\/p>\n<p>FACULTAD\/ESCUELA: Facultad de Ciencias Econ\u00f3micas y Empresariales<\/p>\n<p>A\u00d1O: 2005\u00a0\u00a0\u00a0\u00a0\u00a0\u00a0\u00a0\u00a0\u00a0\u00a0\u00a0\u00a0\u00a0\u00a0\u00a0\u00a0\u00a0\u00a0\u00a0\u00a0\u00a0\u00a0\u00a0\u00a0\u00a0 CALIFICACI\u00d3N: Sobresaliente cum Laude por unanimidad<\/p>\n<hr \/>\n<p>T\u00cdTULO: \u201cInstrumento metodol\u00f3gico para la definici\u00f3n de pol\u00edticas de desarrollo econ\u00f3mico local\u201d<\/p>\n<p>DOCTORANDO: Mercedes P\u00e9rez Rangel.<\/p>\n<p>DIRECTOR: Luis C\u00e9sar Herrero Prieto<\/p>\n<p>UNIVERSIDAD: Universidad de Camag\u00faey (Cuba)<\/p>\n<p>FACULTAD\/ESCUELA: Facultad de Econom\u00eda<\/p>\n<p>A\u00d1O: 2005\u00a0\u00a0\u00a0\u00a0\u00a0\u00a0\u00a0\u00a0\u00a0\u00a0\u00a0\u00a0\u00a0\u00a0\u00a0\u00a0\u00a0\u00a0\u00a0\u00a0\u00a0\u00a0\u00a0\u00a0\u00a0 CALIFICACI\u00d3N: Apto cum Laude<\/p>\n<hr \/>\n<p>T\u00cdTULO: \u201cAplicaci\u00f3n de t\u00e9cnicas de valoraci\u00f3n contingente para la evaluaci\u00f3n del patrimonio hist\u00f3rico urbano. El caso del conjunto hist\u00f3rico de la ciudad de Valdivia (Chile)\u201d<\/p>\n<p>DOCTORANDO: Liliana Andrea B\u00e1ez Montenegro.<\/p>\n<p>DIRECTOR: Luis C\u00e9sar Herrero Prieto<\/p>\n<p>UNIVERSIDAD: Universidad de Valladolid<\/p>\n<p>FACULTAD\/ESCUELA: Facultad de Ciencias Econ\u00f3micas y Empresariales<\/p>\n<p>A\u00d1O: 2007\u00a0\u00a0\u00a0\u00a0\u00a0\u00a0\u00a0\u00a0\u00a0\u00a0\u00a0\u00a0\u00a0\u00a0\u00a0\u00a0\u00a0\u00a0\u00a0\u00a0\u00a0\u00a0\u00a0\u00a0\u00a0 CALIFICACI\u00d3N: Sobresaliente cum Laude por unanimidad<\/p>\n<hr \/>\n<p>T\u00cdTULO: \u201cValor econ\u00f3mico y preferencias declaradas din\u00e1micas por un bien cultural. Aplicaci\u00f3n al Museo Patio Herreriano de Arte Contempor\u00e1neo Espa\u00f1ol\u201d<\/p>\n<p>DOCTORANDO: Ana Mar\u00eda Bedate Centeno.<\/p>\n<p>DIRECTOR: Luis C\u00e9sar Herrero Prieto<\/p>\n<p>UNIVERSIDAD: Universidad de Valladolid<\/p>\n<p>FACULTAD\/ESCUELA: Facultad de Ciencias Econ\u00f3micas y Empresariales<\/p>\n<p>A\u00d1O: 2007\u00a0\u00a0\u00a0\u00a0\u00a0\u00a0\u00a0\u00a0\u00a0\u00a0\u00a0\u00a0\u00a0\u00a0\u00a0\u00a0\u00a0\u00a0\u00a0\u00a0\u00a0\u00a0\u00a0\u00a0\u00a0 CALIFICACI\u00d3N: Sobresaliente cum Laude por unanimidad<\/p>\n<hr \/>\n<p>[:gb]<\/p>\n<hr \/>\n<p>TITLE: \u201cDesarrollo comunal en Chile: an\u00e1lisis de las disparidades espaciales\u201d<\/p>\n<p>DOCTORAL STUDENT: V\u00edctor Fernando Figueroa Arcila<\/p>\n<p>DIRECTOR: Luis C\u00e9sar Herrero Prieto<\/p>\n<p>UNIVERSITY: Universidad de Valladolid<\/p>\n<p>FACULTY\/SCHOOL: Facultad de Ciencias Econ\u00f3micas y Empresariales<\/p>\n<p>YEAR: 2003\u00a0\u00a0\u00a0\u00a0\u00a0\u00a0\u00a0\u00a0\u00a0\u00a0\u00a0\u00a0\u00a0\u00a0\u00a0\u00a0\u00a0\u00a0\u00a0\u00a0\u00a0\u00a0\u00a0\u00a0\u00a0 MARK AWARDED: Sobresaliente cum Laude por unanimidad<\/p>\n<hr \/>\n<p>TITLE: \u201cValoraci\u00f3n del patrimonio cultural. An\u00e1lisis econ\u00f3mico y estad\u00edstico. Aplicaci\u00f3n al Museo Nacional de Escultura de Valladolid.\u201d<\/p>\n<p>DOCTORAL STUDENT: Jos\u00e9 Angel Sanz Lara<\/p>\n<p>DIRECTOR: Luis C\u00e9sar Herrero Prieto<\/p>\n<p>UNIVERSITY: Universidad de Valladolid<\/p>\n<p>FACULTY\/SCHOOL: Facultad de Ciencias Econ\u00f3micas y Empresariales<\/p>\n<p>YEAR: 2004\u00a0\u00a0\u00a0\u00a0\u00a0\u00a0\u00a0\u00a0\u00a0\u00a0\u00a0\u00a0\u00a0\u00a0\u00a0\u00a0\u00a0\u00a0\u00a0\u00a0\u00a0\u00a0\u00a0\u00a0\u00a0 MARK AWARDED: Sobresaliente cum Laude por unanimidad<\/p>\n<hr \/>\n<p>TITLE: \u201cEconom\u00eda de los festivales culturales: La dimensi\u00f3n econ\u00f3mica y social de la Semana Internacional de Cine de Valladolid.\u201d<\/p>\n<p>DOCTORAL STUDENT: Maria Devesa Fern\u00e1ndez<\/p>\n<p>DIRECTOR: Luis C\u00e9sar Herrero Prieto<\/p>\n<p>UNIVERSITY: Universidad de Valladolid<\/p>\n<p>FACULTY\/SCHOOL: Facultad de Ciencias Econ\u00f3micas y Empresariales<\/p>\n<p>YEAR: 2005\u00a0\u00a0\u00a0\u00a0\u00a0\u00a0\u00a0\u00a0\u00a0\u00a0\u00a0\u00a0\u00a0\u00a0\u00a0\u00a0\u00a0\u00a0\u00a0\u00a0\u00a0\u00a0\u00a0\u00a0\u00a0 MARK AWARDED: Sobresaliente cum Laude por unanimidad<\/p>\n<hr \/>\n<p>TITLE: \u201cInstrumento metodol\u00f3gico para la definici\u00f3n de pol\u00edticas de desarrollo econ\u00f3mico local\u201d<\/p>\n<p>DOCTORAL STUDENT: Mercedes P\u00e9rez Rangel.<\/p>\n<p>DIRECTOR: Luis C\u00e9sar Herrero Prieto<\/p>\n<p>UNIVERSITY: Universidad de Camag\u00faey (Cuba)<\/p>\n<p>FACULTY\/SCHOOL: Facultad de Econom\u00eda<\/p>\n<p>YEAR: 2005\u00a0\u00a0\u00a0\u00a0\u00a0\u00a0\u00a0\u00a0\u00a0\u00a0\u00a0\u00a0\u00a0\u00a0\u00a0\u00a0\u00a0\u00a0\u00a0\u00a0\u00a0\u00a0\u00a0\u00a0\u00a0 MARK AWARDED: Apto cum Laude<\/p>\n<hr \/>\n<p>TITLE: \u201cAplicaci\u00f3n de t\u00e9cnicas de valoraci\u00f3n contingente para la evaluaci\u00f3n del patrimonio hist\u00f3rico urbano. El caso del conjunto hist\u00f3rico de la ciudad de Valdivia (Chile)\u201d<\/p>\n<p>DOCTORAL STUDENT: Liliana Andrea B\u00e1ez Montenegro.<\/p>\n<p>DIRECTOR: Luis C\u00e9sar Herrero Prieto<\/p>\n<p>UNIVERSITY: Universidad de Valladolid<\/p>\n<p>FACULTY\/SCHOOL: Facultad de Ciencias Econ\u00f3micas y Empresariales<\/p>\n<p>YEAR: 2007\u00a0\u00a0\u00a0\u00a0\u00a0\u00a0\u00a0\u00a0\u00a0\u00a0\u00a0\u00a0\u00a0\u00a0\u00a0\u00a0\u00a0\u00a0\u00a0\u00a0\u00a0\u00a0\u00a0\u00a0\u00a0 MARK AWARDED: Sobresaliente cum Laude por unanimidad<\/p>\n<hr \/>\n<p>TITLE: \u201cValor econ\u00f3mico y preferencias declaradas din\u00e1micas por un bien cultural. Aplicaci\u00f3n al Museo Patio Herreriano de Arte Contempor\u00e1neo Espa\u00f1ol\u201d<\/p>\n<p>DOCTORAL STUDENT: Ana Mar\u00eda Bedate Centeno.<\/p>\n<p>DIRECTOR: Luis C\u00e9sar Herrero Prieto<\/p>\n<p>UNIVERSITY: Universidad de Valladolid<\/p>\n<p>FACULTY\/SCHOOL: Facultad de Ciencias Econ\u00f3micas y Empresariales<\/p>\n<p>YEAR: 2007\u00a0\u00a0\u00a0\u00a0\u00a0\u00a0\u00a0\u00a0\u00a0\u00a0\u00a0\u00a0\u00a0\u00a0\u00a0\u00a0\u00a0\u00a0\u00a0\u00a0\u00a0\u00a0\u00a0\u00a0\u00a0 MARK AWARDED: Sobresaliente cum Laude por unanimidad<\/p>\n<hr \/>\n","protected":false},"excerpt":{"rendered":"<p>[:es] T\u00cdTULO: \u201cDesarrollo comunal en Chile: an\u00e1lisis de las disparidades espaciales\u201d DOCTORANDO: V\u00edctor Fernando Figueroa Arcila DIRECTOR: Luis C\u00e9sar Herrero Prieto UNIVERSIDAD: Universidad de Valladolid FACULTAD\/ESCUELA: Facultad de Ciencias Econ\u00f3micas y Empresariales A\u00d1O: 2003\u00a0\u00a0\u00a0\u00a0\u00a0\u00a0\u00a0\u00a0\u00a0\u00a0\u00a0\u00a0\u00a0\u00a0\u00a0\u00a0\u00a0\u00a0\u00a0\u00a0\u00a0\u00a0\u00a0\u00a0\u00a0 CALIFICACI\u00d3N: Sobresaliente cum Laude por unanimidad T\u00cdTULO: \u201cValoraci\u00f3n del patrimonio cultural. An\u00e1lisis econ\u00f3mico y estad\u00edstico. Aplicaci\u00f3n al Museo Nacional de Escultura [&hellip;]<\/p>\n","protected":false},"author":1,"featured_media":0,"parent":0,"menu_order":9,"comment_status":"closed","ping_status":"closed","template":"","meta":{"footnotes":""},"class_list":["post-77","page","type-page","status-publish","hentry"],"_links":{"self":[{"href":"https:\/\/giec.blogs.uva.es\/index.php?rest_route=\/wp\/v2\/pages\/77","targetHints":{"allow":["GET"]}}],"collection":[{"href":"https:\/\/giec.blogs.uva.es\/index.php?rest_route=\/wp\/v2\/pages"}],"about":[{"href":"https:\/\/giec.blogs.uva.es\/index.php?rest_route=\/wp\/v2\/types\/page"}],"author":[{"embeddable":true,"href":"https:\/\/giec.blogs.uva.es\/index.php?rest_route=\/wp\/v2\/users\/1"}],"replies":[{"embeddable":true,"href":"https:\/\/giec.blogs.uva.es\/index.php?rest_route=%2Fwp%2Fv2%2Fcomments&post=77"}],"version-history":[{"count":0,"href":"https:\/\/giec.blogs.uva.es\/index.php?rest_route=\/wp\/v2\/pages\/77\/revisions"}],"wp:attachment":[{"href":"https:\/\/giec.blogs.uva.es\/index.php?rest_route=%2Fwp%2Fv2%2Fmedia&parent=77"}],"curies":[{"name":"wp","href":"https:\/\/api.w.org\/{rel}","templated":true}]}}