{"id":75,"date":"2012-02-09T01:59:29","date_gmt":"2012-02-09T01:59:29","guid":{"rendered":"http:\/\/localhost\/giec_uva\/?page_id=75"},"modified":"2015-12-02T10:00:58","modified_gmt":"2015-12-02T10:00:58","slug":"proyectos-de-investigacion","status":"publish","type":"page","link":"https:\/\/giec.blogs.uva.es\/?page_id=75","title":{"rendered":"Research Projects"},"content":{"rendered":"<p>[:es]<\/p>\n<h5 style=\"text-align: left;padding-left: 30px\" align=\"left\"><strong>PROYECTOS DE INVESTIGACION COMPETITIVOS<\/strong><\/h5>\n<hr \/>\n<p>T\u00cdULO DEL PROYECTO: \u201cEficiencia y buenas pr\u00e1cticas en instituciones culturales: aplicaciones DEA al Sistema Nacional de Museos\u201d<\/p>\n<p>ENTIDAD FINANCIADORA: Consejer\u00eda de Educaci\u00f3n. Junta de Castilla y Le\u00f3n<\/p>\n<p>DURACI\u00d3N DESDE: 01\/01\/2010\u00a0\u00a0\u00a0\u00a0\u00a0\u00a0\u00a0\u00a0\u00a0\u00a0\u00a0\u00a0\u00a0\u00a0\u00a0\u00a0\u00a0\u00a0\u00a0\u00a0\u00a0\u00a0\u00a0\u00a0\u00a0 HASTA: 31\/12\/2012<\/p>\n<p>INVESTIGADOR PRINCIPAL: <strong>Luis C\u00e9sar Herrero Prieto<\/strong><\/p>\n<p>REF.: VA006A10-1<\/p>\n<hr \/>\n<p>T\u00cdULO DEL PROYECTO: \u201cEstimaci\u00f3n del valor de econ\u00f3mico que turistas y residentes le otorgan al patrimonio hist\u00f3rico en la comuna de Valdivia.\u201d<\/p>\n<p>ENTIDAD FINANCIADORA: Fondecit, Chile<\/p>\n<p>DURACI\u00d3N DESDE: 01\/01\/2008\u00a0\u00a0\u00a0\u00a0\u00a0\u00a0\u00a0\u00a0\u00a0\u00a0\u00a0\u00a0\u00a0\u00a0\u00a0\u00a0\u00a0\u00a0\u00a0\u00a0\u00a0\u00a0\u00a0\u00a0\u00a0 HASTA: 31\/12\/2010<\/p>\n<p>INVESTIGADOR PRINCIPAL: <strong>Andrea B\u00e1ez Montenegro<\/strong> (Universidad Austral de Chile)<\/p>\n<hr \/>\n<p>T\u00cdULO DEL PROYECTO: \u201cAn\u00e1lisis de eficiencia de entidades culturales: aplicaci\u00f3n a un sistema regional de museos\u201d<\/p>\n<p>ENTIDAD FINANCIADORA: Consejer\u00eda de Educaci\u00f3n. Junta de Castilla y Le\u00f3n<\/p>\n<p>DURACI\u00d3N DESDE: 05\/07\/2007\u00a0\u00a0\u00a0\u00a0\u00a0\u00a0\u00a0\u00a0\u00a0\u00a0\u00a0\u00a0\u00a0\u00a0\u00a0\u00a0\u00a0\u00a0\u00a0\u00a0\u00a0\u00a0\u00a0\u00a0\u00a0 HASTA: 31\/12\/2009<\/p>\n<p>INVESTIGADOR PRINCIPAL: <strong>Luis C\u00e9sar Herrero Prieto<\/strong><\/p>\n<p>REF.: VA024A07<\/p>\n<p>EVALUACI\u00d3N EXPOST ACSUCYL: 72\/100<\/p>\n<hr \/>\n<p>T\u00cdULO DEL PROYECTO: \u201cFactores determinantes del consumo y provisi\u00f3n de cultura en Espa\u00f1a: an\u00e1lisis y tipificaci\u00f3n provincial\u201d<\/p>\n<p>ENTIDAD FINANCIADORA: Consejer\u00eda de Econom\u00eda y Empleo. Junta de Castilla y Le\u00f3n<\/p>\n<p>DURACI\u00d3N DESDE: 09\/05\/2006\u00a0\u00a0\u00a0\u00a0\u00a0\u00a0\u00a0\u00a0\u00a0\u00a0\u00a0\u00a0\u00a0\u00a0\u00a0\u00a0\u00a0\u00a0\u00a0\u00a0\u00a0\u00a0\u00a0\u00a0\u00a0 HASTA: 03\/12\/2006<\/p>\n<p>INVESTIGADOR PRINCIPAL: <strong>Luis C\u00e9sar Herrero Prieto<\/strong><\/p>\n<p>REF.: E70VA06<\/p>\n<hr \/>\n<p>T\u00cdULO DEL PROYECTO: \u201cPatrimonio Cultural y Desarrollo Econ\u00f3mico: An\u00e1lisis del Turismo Cultural de Museos en Castilla y Le\u00f3n\u201d<\/p>\n<p>ENTIDAD FINANCIADORA: Consejer\u00eda de Econom\u00eda y Empleo. Junta de Castilla y Le\u00f3n<\/p>\n<p>DURACI\u00d3N DESDE: 09\/05\/2005 \u00a0\u00a0\u00a0\u00a0\u00a0\u00a0\u00a0\u00a0\u00a0\u00a0\u00a0\u00a0\u00a0\u00a0\u00a0\u00a0\u00a0\u00a0\u00a0\u00a0\u00a0\u00a0\u00a0\u00a0 HASTA: 03\/12\/2005<\/p>\n<p>INVESTIGADOR PRINCIPAL: <strong>Luis C\u00e9sar Herrero Prieto<\/strong><\/p>\n<p>REF.: E40VA05<\/p>\n<hr \/>\n<p>T\u00cdULO DEL PROYECTO: \u201cEl patrimonio cultural como factor de desarrollo en Chile\u201d<\/p>\n<p>ENTIDAD FINANCIADORA: Comisi\u00f3n Nacional de Investigaci\u00f3n Cient\u00edfica y Tecnol\u00f3gica de Chile<\/p>\n<p>DURACI\u00d3N DESDE: 01\/06\/2004 \u00a0\u00a0\u00a0\u00a0\u00a0\u00a0\u00a0\u00a0\u00a0\u00a0\u00a0\u00a0\u00a0\u00a0\u00a0\u00a0\u00a0\u00a0\u00a0\u00a0\u00a0\u00a0\u00a0\u00a0 HASTA: 31\/12\/2006<\/p>\n<p>INVESTIGADOR PRINCIPAL: <strong>Pablo Andueza Guzm\u00e1n y Javier Ad\u00e1n Alfaro<\/strong> (Universidad de Valpara\u00edso)<\/p>\n<hr \/>\n<p>T\u00cdULO DEL PROYECTO: \u201cValoraci\u00f3n econ\u00f3mica de bienes culturales: aplicaci\u00f3n al Museo Patrio Herreriano de Arte Contempor\u00e1neo Espa\u00f1ol\u201d<\/p>\n<p>ENTIDAD FINANCIADORA: Consejer\u00eda de Educaci\u00f3n y Cultura. Junta de Castilla y Le\u00f3n<\/p>\n<p>DURACI\u00d3N DESDE: 01\/01\/2004 \u00a0\u00a0\u00a0\u00a0\u00a0\u00a0\u00a0\u00a0\u00a0\u00a0\u00a0\u00a0\u00a0\u00a0\u00a0\u00a0\u00a0\u00a0\u00a0\u00a0\u00a0\u00a0\u00a0\u00a0 HASTA: 12\/12\/2005<\/p>\n<p>INVESTIGADOR PRINCIPAL: <strong>Luis C\u00e9sar Herrero Prieto<\/strong><\/p>\n<p>REF.: VA069\/04<\/p>\n<hr \/>\n<p>T\u00cdULO DEL PROYECTO: \u201cEstimaci\u00f3n de funciones de demanda y tipolog\u00eda del turismo cultural en relaci\u00f3n a los bienes culturales\u201d<\/p>\n<p>ENTIDAD FINANCIADORA: Consejer\u00eda de Econom\u00eda y Hacienda. Junta de Castilla y Le\u00f3n<\/p>\n<p>DURACI\u00d3N DESDE: 19\/06\/2002 \u00a0\u00a0\u00a0\u00a0\u00a0\u00a0\u00a0\u00a0\u00a0\u00a0\u00a0\u00a0\u00a0\u00a0\u00a0\u00a0\u00a0\u00a0\u00a0\u00a0\u00a0\u00a0\u00a0\u00a0 HASTA: 12\/12\/2002<\/p>\n<p>INVESTIGADOR PRINCIPAL: <strong>Luis C\u00e9sar Herrero Prieto<\/strong><\/p>\n<p>REF.: 18I-KAF<\/p>\n<hr \/>\n<p>T\u00cdULO DEL PROYECTO: \u201cDeterminaci\u00f3n del valor de uso del patrimonio hist\u00f3rico en la ciudad de Valdivia.\u201d<\/p>\n<p>ENTIDAD FINANCIADORA: Universidad Austral de Chile<\/p>\n<p>DURACI\u00d3N DESDE: 01\/04\/2003\u00a0\u00a0\u00a0\u00a0\u00a0\u00a0\u00a0\u00a0\u00a0\u00a0\u00a0\u00a0\u00a0\u00a0\u00a0\u00a0\u00a0\u00a0\u00a0\u00a0\u00a0\u00a0\u00a0\u00a0\u00a0 HASTA: 01\/04\/2005<\/p>\n<p>INVESTIGADOR PRINCIPAL: <strong>Andrea B\u00e1ez Montenegro<\/strong> (Universidad Austral de Chile)<\/p>\n<hr \/>\n<p>T\u00cdULO DEL PROYECTO: \u201cIdentificaci\u00f3n, evaluaci\u00f3n y an\u00e1lisis de recursos del Patrimonio Hist\u00f3rico en el Corredor del Duero\u201d<\/p>\n<p>ENTIDAD FINANCIADORA: Programa TERRA de la Uni\u00f3n Europea y Fundaci\u00f3n Rei Alfonso Henriques<\/p>\n<p>DURACI\u00d3N DESDE: 07\/10\/1998 \u00a0\u00a0\u00a0\u00a0\u00a0\u00a0\u00a0\u00a0\u00a0\u00a0\u00a0\u00a0\u00a0\u00a0\u00a0\u00a0\u00a0\u00a0\u00a0\u00a0\u00a0\u00a0\u00a0\u00a0 HASTA: 30\/08\/1999<\/p>\n<p>INVESTIGADOR PRINCIPAL: <strong>Luis Serrano-Piedecasas<\/strong> (Universidad de Salamanca)<\/p>\n<hr \/>\n<p>T\u00cdULO DEL PROYECTO: \u201cCultura y Patrimonio Hist\u00f3rico en Castilla y Le\u00f3n: Valoraci\u00f3n Econ\u00f3mica y Efectos sobre el Desarrollo Regional\u201d<\/p>\n<p>ENTIDAD FINANCIADORA: Consejer\u00eda de Educaci\u00f3n y Cultura. Junta de Castilla y Le\u00f3n<\/p>\n<p>DURACI\u00d3N DESDE: 01\/07\/1997\u00a0\u00a0\u00a0\u00a0\u00a0\u00a0\u00a0\u00a0\u00a0\u00a0\u00a0\u00a0\u00a0\u00a0\u00a0\u00a0\u00a0\u00a0\u00a0\u00a0\u00a0\u00a0\u00a0\u00a0\u00a0 HASTA: 31\/11\/1998<\/p>\n<p>INVESTIGADOR PRINCIPAL: <strong>Luis C\u00e9sar Herrero Prieto<\/strong><\/p>\n<p>REF.: EVA04<\/p>\n<hr \/>\n<p>&nbsp;<\/p>\n<h5 style=\"text-align: left;padding-left: 30px\"><strong>CONTRATOS DE INVESTIGACION<\/strong><\/h5>\n<hr \/>\n<p>T\u00cdTULO DEL CONTRATO\/PROYECTO: \u201cLa contribuci\u00f3n de la cultura al desarrollo econ\u00f3mico local y regional\u201d<\/p>\n<p>EMPRESA\/ADMINISTRACI\u00d3N FINANCIADORA: Ministerio de Cultura, Gobierno de Espa\u00f1a<\/p>\n<p>DURACI\u00d3N, DESDE: 10\/05\/2009\u00a0\u00a0\u00a0\u00a0\u00a0\u00a0\u00a0\u00a0\u00a0\u00a0\u00a0\u00a0\u00a0\u00a0\u00a0\u00a0\u00a0\u00a0\u00a0\u00a0\u00a0\u00a0\u00a0\u00a0 HASTA: 15\/01\/2010<\/p>\n<p>INVESTIGADOR PRINCIPAL: <strong>Luis C\u00e9sar Herrero Prieto<\/strong><\/p>\n<hr \/>\n<p>T\u00cdTULO DEL CONTRATO\/PROYECTO: \u201cEstudio de impacto de las Industrias Culturales y Creativas en el desarrollo local y regional en Espa\u00f1a\u201d<\/p>\n<p>EMPRESA\/ADMINISTRACI\u00d3N FINANCIADORA: Ministerio de Cultura, Gobierno de Espa\u00f1a<\/p>\n<p>DURACI\u00d3N, DESDE: 14\/02\/2008\u00a0\u00a0\u00a0\u00a0\u00a0\u00a0\u00a0\u00a0\u00a0\u00a0\u00a0\u00a0\u00a0\u00a0\u00a0\u00a0\u00a0\u00a0\u00a0\u00a0\u00a0\u00a0\u00a0\u00a0 HASTA: 14\/04\/2008<\/p>\n<p>INVESTIGADOR PRINCIPAL: <strong>Luis C\u00e9sar Herrero Prieto<\/strong><\/p>\n<hr \/>\n<p>T\u00cdTULO DEL CONTRATO\/PROYECTO: \u201cEstudio de viabilidad y modelos de gesti\u00f3n del Palacio de Congresos-Auditorio de la Ciudad de Burgos\u201d<\/p>\n<p>EMPRESA\/ADMINISTRACI\u00d3N FINANCIADORA: Instituto Municipal de Cultura del Ayuntamiento de Burgos<\/p>\n<p>DURACI\u00d3N, DESDE: 15\/01\/2009\u00a0\u00a0\u00a0\u00a0\u00a0\u00a0\u00a0\u00a0\u00a0\u00a0\u00a0\u00a0\u00a0\u00a0\u00a0\u00a0\u00a0\u00a0\u00a0\u00a0\u00a0\u00a0\u00a0\u00a0 HASTA: 30\/06\/2009<\/p>\n<p>INVESTIGADOR PRINCIPAL: <strong>Luis C\u00e9sar Herrero Prieto<\/strong><\/p>\n<hr \/>\n<p>T\u00cdTULO DEL CONTRATO\/PROYECTO: \u201cConsultor\u00eda y asistencia para la definici\u00f3n de la gesti\u00f3n del Palacio de Congresos \u2013 Auditorio, definici\u00f3n de planes de negocio y repercusi\u00f3n en la econom\u00eda local\u201d<\/p>\n<p>EMPRESA\/ADMINISTRACI\u00d3N FINANCIADORA: Ayuntamiento de Burgos<\/p>\n<p>DURACI\u00d3N, DESDE: 28\/12\/2007\u00a0\u00a0\u00a0\u00a0\u00a0\u00a0\u00a0\u00a0\u00a0\u00a0\u00a0\u00a0\u00a0\u00a0\u00a0\u00a0\u00a0\u00a0\u00a0\u00a0\u00a0\u00a0\u00a0\u00a0 HASTA: 30\/06\/2008<\/p>\n<p>INVESTIGADOR PRINCIPAL: <strong>Luis C\u00e9sar Herrero Prieto<\/strong><\/p>\n<hr \/>\n<p>T\u00cdTULO DEL CONTRATO\/PROYECTO: \u201cConfiguraci\u00f3n de un sistema b\u00e1sico de estad\u00edsticas relativas al Patrimonio Hist\u00f3rico en Castilla y Le\u00f3n\u201d<\/p>\n<p>EMPRESA\/ADMINISTRACI\u00d3N FINANCIADORA: Consejer\u00eda de Cultura y Turismo. Junta de Castilla y Le\u00f3n<\/p>\n<p>DURACI\u00d3N, DESDE: 20\/06\/2007\u00a0\u00a0\u00a0\u00a0\u00a0\u00a0\u00a0\u00a0\u00a0\u00a0\u00a0\u00a0\u00a0\u00a0\u00a0\u00a0\u00a0\u00a0\u00a0\u00a0\u00a0\u00a0\u00a0\u00a0 HASTA: 30\/03\/2008<\/p>\n<p>INVESTIGADOR PRINCIPAL: <strong>Jos\u00e9 \u00c1ngel Sanz Lara<\/strong><\/p>\n<hr \/>\n<p>T\u00cdTULO DEL CONTRATO\/PROYECTO: \u201cConsultor\u00eda sobre proyecto metodol\u00f3gico y organizaci\u00f3n del Observatorio de la Ciudad Hist\u00f3rica de Santiago de Compostela\u201d<\/p>\n<p>EMPRESA\/ADMINISTRACI\u00d3N FINANCIADORA: Consorcio de Santiago de Compostela<\/p>\n<p>DURACI\u00d3N, DESDE: 23\/03\/2006\u00a0\u00a0\u00a0\u00a0\u00a0\u00a0\u00a0\u00a0\u00a0\u00a0\u00a0\u00a0\u00a0\u00a0\u00a0\u00a0\u00a0\u00a0\u00a0\u00a0\u00a0\u00a0\u00a0\u00a0 HASTA: 23\/04\/2007<\/p>\n<p>INVESTIGADOR PRINCIPAL: <strong>Luis C\u00e9sar Herrero Prieto<\/strong><\/p>\n<hr \/>\n<p>T\u00cdTULO DEL CONTRATO\/PROYECTO: \u201cTurismo cultural e impacto econ\u00f3mico de Salamanca 2002, Ciudad Europea de la Cultura\u201d<\/p>\n<p>EMPRESA\/ADMINISTRACI\u00d3N FINANCIADORA: Secretar\u00eda de Estado de Comercio y Turismo, Ministerio de Econom\u00eda<\/p>\n<p>DURACI\u00d3N, DESDE: 21\/10\/2002\u00a0\u00a0\u00a0\u00a0\u00a0\u00a0\u00a0\u00a0\u00a0\u00a0\u00a0\u00a0\u00a0\u00a0\u00a0\u00a0\u00a0\u00a0\u00a0\u00a0\u00a0\u00a0\u00a0\u00a0 HASTA: 31\/03\/2003<\/p>\n<p>INVESTIGADOR PRINCIPAL: <strong>Luis C\u00e9sar Herrero Prieto<\/strong><\/p>\n<hr \/>\n<p>T\u00cdTULO DEL CONTRATO\/PROYECTO: \u201cPrograma Territorial Integrado sobre Gesti\u00f3n Productiva del Patrimonio Cultural de la ciudad de Valpara\u00edso (Chile)\u201d<\/p>\n<p>EMPRESA\/ADMINISTRACI\u00d3N FINANCIADORA: Corporaci\u00f3n para el Fomento Productivo, Ministerio de Econom\u00eda de Chile<\/p>\n<p>DURACI\u00d3N, DESDE: 01\/07\/2001\u00a0\u00a0\u00a0\u00a0\u00a0\u00a0\u00a0\u00a0\u00a0\u00a0\u00a0\u00a0\u00a0\u00a0\u00a0\u00a0\u00a0\u00a0\u00a0\u00a0\u00a0\u00a0\u00a0\u00a0 HASTA: 31\/12\/2001<\/p>\n<p>INVESTIGADOR PRINCIPAL: <strong>Luis C\u00e9sar Herrero Prieto<\/strong><\/p>\n<hr \/>\n<p>[:gb]<\/p>\n<h5 style=\"text-align: left;padding-left: 30px\" align=\"left\"><strong>COMPETITIVE RESEARCH PROJECTS<\/strong><\/h5>\n<hr \/>\n<p>PROJECT TITLE: \u201cEficiencia y buenas pr\u00e1cticas en instituciones culturales: aplicaciones DEA al Sistema Nacional de Museos\u201d<\/p>\n<p>FUNDING INSTITUTION: Consejer\u00eda de Educaci\u00f3n. Junta de Castilla y Le\u00f3n<\/p>\n<p>DURATION SINCE: 01\/01\/2010\u00a0\u00a0\u00a0\u00a0\u00a0\u00a0\u00a0\u00a0\u00a0\u00a0\u00a0\u00a0\u00a0\u00a0\u00a0\u00a0\u00a0\u00a0\u00a0\u00a0\u00a0\u00a0\u00a0\u00a0\u00a0 HASTA: 31\/12\/2012<\/p>\n<p>PRINCIPAL INVESTIGATOR: <strong>Luis C\u00e9sar Herrero Prieto<\/strong><\/p>\n<p>REF.: VA006A10-1<\/p>\n<hr \/>\n<p>PROJECT TITLE: \u201cEstimaci\u00f3n del valor de econ\u00f3mico que turistas y residentes le otorgan al patrimonio hist\u00f3rico en la comuna de Valdivia.\u201d<\/p>\n<p>FUNDING INSTITUTION: Fondecit, Chile<\/p>\n<p>DURATION SINCE: 01\/01\/2008\u00a0\u00a0\u00a0\u00a0\u00a0\u00a0\u00a0\u00a0\u00a0\u00a0\u00a0\u00a0\u00a0\u00a0\u00a0\u00a0\u00a0\u00a0\u00a0\u00a0\u00a0\u00a0\u00a0\u00a0\u00a0 HASTA: 31\/12\/2010<\/p>\n<p>PRINCIPAL INVESTIGATOR: <strong>Andrea B\u00e1ez Montenegro<\/strong> (Universidad Austral de Chile)<\/p>\n<hr \/>\n<p>PROJECT TITLE: \u201cAn\u00e1lisis de eficiencia de entidades culturales: aplicaci\u00f3n a un sistema regional de museos\u201d<\/p>\n<p>FUNDING INSTITUTION: Consejer\u00eda de Educaci\u00f3n. Junta de Castilla y Le\u00f3n<\/p>\n<p>DURATION SINCE: 05\/07\/2007\u00a0\u00a0\u00a0\u00a0\u00a0\u00a0\u00a0\u00a0\u00a0\u00a0\u00a0\u00a0\u00a0\u00a0\u00a0\u00a0\u00a0\u00a0\u00a0\u00a0\u00a0\u00a0\u00a0\u00a0\u00a0 HASTA: 31\/12\/2009<\/p>\n<p>PRINCIPAL INVESTIGATOR: <strong>Luis C\u00e9sar Herrero Prieto<\/strong><\/p>\n<p>REF.: VA024A07<\/p>\n<p>EVALUACI\u00d3N EXPOST ACSUCYL: 72\/100<\/p>\n<hr \/>\n<p>PROJECT TITLE: \u201cFactores determinantes del consumo y provisi\u00f3n de cultura en Espa\u00f1a: an\u00e1lisis y tipificaci\u00f3n provincial\u201d<\/p>\n<p>FUNDING INSTITUTION: Consejer\u00eda de Econom\u00eda y Empleo. Junta de Castilla y Le\u00f3n<\/p>\n<p>DURATION SINCE: 09\/05\/2006\u00a0\u00a0\u00a0\u00a0\u00a0\u00a0\u00a0\u00a0\u00a0\u00a0\u00a0\u00a0\u00a0\u00a0\u00a0\u00a0\u00a0\u00a0\u00a0\u00a0\u00a0\u00a0\u00a0\u00a0\u00a0 HASTA: 03\/12\/2006<\/p>\n<p>PRINCIPAL INVESTIGATOR: <strong>Luis C\u00e9sar Herrero Prieto<\/strong><\/p>\n<p>REF.: E70VA06<\/p>\n<hr \/>\n<p>PROJECT TITLE: \u201cPatrimonio Cultural y Desarrollo Econ\u00f3mico: An\u00e1lisis del Turismo Cultural de Museos en Castilla y Le\u00f3n\u201d<\/p>\n<p>FUNDING INSTITUTION: Consejer\u00eda de Econom\u00eda y Empleo. Junta de Castilla y Le\u00f3n<\/p>\n<p>DURATION SINCE: 09\/05\/2005 \u00a0\u00a0\u00a0\u00a0\u00a0\u00a0\u00a0\u00a0\u00a0\u00a0\u00a0\u00a0\u00a0\u00a0\u00a0\u00a0\u00a0\u00a0\u00a0\u00a0\u00a0\u00a0\u00a0\u00a0 HASTA: 03\/12\/2005<\/p>\n<p>PRINCIPAL INVESTIGATOR: <strong>Luis C\u00e9sar Herrero Prieto<\/strong><\/p>\n<p>REF.: E40VA05<\/p>\n<hr \/>\n<p>PROJECT TITLE: \u201cEl patrimonio cultural como factor de desarrollo en Chile\u201d<\/p>\n<p>FUNDING INSTITUTION: Comisi\u00f3n Nacional de Investigaci\u00f3n Cient\u00edfica y Tecnol\u00f3gica de Chile<\/p>\n<p>DURATION SINCE: 01\/06\/2004 \u00a0\u00a0\u00a0\u00a0\u00a0\u00a0\u00a0\u00a0\u00a0\u00a0\u00a0\u00a0\u00a0\u00a0\u00a0\u00a0\u00a0\u00a0\u00a0\u00a0\u00a0\u00a0\u00a0\u00a0 HASTA: 31\/12\/2006<\/p>\n<p>PRINCIPAL INVESTIGATOR: <strong>Pablo Andueza Guzm\u00e1n y Javier Ad\u00e1n Alfaro<\/strong> (Universidad de Valpara\u00edso)<\/p>\n<hr \/>\n<p>PROJECT TITLE: \u201cValoraci\u00f3n econ\u00f3mica de bienes culturales: aplicaci\u00f3n al Museo Patrio Herreriano de Arte Contempor\u00e1neo Espa\u00f1ol\u201d<\/p>\n<p>FUNDING INSTITUTION: Consejer\u00eda de Educaci\u00f3n y Cultura. Junta de Castilla y Le\u00f3n<\/p>\n<p>DURATION SINCE: 01\/01\/2004 \u00a0\u00a0\u00a0\u00a0\u00a0\u00a0\u00a0\u00a0\u00a0\u00a0\u00a0\u00a0\u00a0\u00a0\u00a0\u00a0\u00a0\u00a0\u00a0\u00a0\u00a0\u00a0\u00a0\u00a0 HASTA: 12\/12\/2005<\/p>\n<p>PRINCIPAL INVESTIGATOR: <strong>Luis C\u00e9sar Herrero Prieto<\/strong><\/p>\n<p>REF.: VA069\/04<\/p>\n<hr \/>\n<p>PROJECT TITLE: \u201cEstimaci\u00f3n de funciones de demanda y tipolog\u00eda del turismo cultural en relaci\u00f3n a los bienes culturales\u201d<\/p>\n<p>FUNDING INSTITUTION: Consejer\u00eda de Econom\u00eda y Hacienda. Junta de Castilla y Le\u00f3n<\/p>\n<p>DURATION SINCE: 19\/06\/2002 \u00a0\u00a0\u00a0\u00a0\u00a0\u00a0\u00a0\u00a0\u00a0\u00a0\u00a0\u00a0\u00a0\u00a0\u00a0\u00a0\u00a0\u00a0\u00a0\u00a0\u00a0\u00a0\u00a0\u00a0 HASTA: 12\/12\/2002<\/p>\n<p>PRINCIPAL INVESTIGATOR: <strong>Luis C\u00e9sar Herrero Prieto<\/strong><\/p>\n<p>REF.: 18I-KAF<\/p>\n<hr \/>\n<p>PROJECT TITLE: \u201cDeterminaci\u00f3n del valor de uso del patrimonio hist\u00f3rico en la ciudad de Valdivia.\u201d<\/p>\n<p>FUNDING INSTITUTION: Universidad Austral de Chile<\/p>\n<p>DURATION SINCE: 01\/04\/2003\u00a0\u00a0\u00a0\u00a0\u00a0\u00a0\u00a0\u00a0\u00a0\u00a0\u00a0\u00a0\u00a0\u00a0\u00a0\u00a0\u00a0\u00a0\u00a0\u00a0\u00a0\u00a0\u00a0\u00a0\u00a0 HASTA: 01\/04\/2005<\/p>\n<p>PRINCIPAL INVESTIGATOR: <strong>Andrea B\u00e1ez Montenegro<\/strong> (Universidad Austral de Chile)<\/p>\n<hr \/>\n<p>PROJECT TITLE: \u201cIdentificaci\u00f3n, evaluaci\u00f3n y an\u00e1lisis de recursos del Patrimonio Hist\u00f3rico en el Corredor del Duero\u201d<\/p>\n<p>FUNDING INSTITUTION: Programa TERRA de la Uni\u00f3n Europea y Fundaci\u00f3n Rei Alfonso Henriques<\/p>\n<p>DURATION SINCE: 07\/10\/1998 \u00a0\u00a0\u00a0\u00a0\u00a0\u00a0\u00a0\u00a0\u00a0\u00a0\u00a0\u00a0\u00a0\u00a0\u00a0\u00a0\u00a0\u00a0\u00a0\u00a0\u00a0\u00a0\u00a0\u00a0 HASTA: 30\/08\/1999<\/p>\n<p>PRINCIPAL INVESTIGATOR: <strong>Luis Serrano-Piedecasas<\/strong> (Universidad de Salamanca)<\/p>\n<hr \/>\n<p>PROJECT TITLE: \u201cCultura y Patrimonio Hist\u00f3rico en Castilla y Le\u00f3n: Valoraci\u00f3n Econ\u00f3mica y Efectos sobre el Desarrollo Regional\u201d<\/p>\n<p>FUNDING INSTITUTION: Consejer\u00eda de Educaci\u00f3n y Cultura. Junta de Castilla y Le\u00f3n<\/p>\n<p>DURATION SINCE: 01\/07\/1997\u00a0\u00a0\u00a0\u00a0\u00a0\u00a0\u00a0\u00a0\u00a0\u00a0\u00a0\u00a0\u00a0\u00a0\u00a0\u00a0\u00a0\u00a0\u00a0\u00a0\u00a0\u00a0\u00a0\u00a0\u00a0 HASTA: 31\/11\/1998<\/p>\n<p>PRINCIPAL INVESTIGATOR: <strong>Luis C\u00e9sar Herrero Prieto<\/strong><\/p>\n<p>REF.: EVA04<\/p>\n<hr \/>\n<p>&nbsp;<\/p>\n<h5 style=\"text-align: left;padding-left: 30px\"><strong>RESEARCH CONTRACTS<\/strong><\/h5>\n<hr \/>\n<p>TITLE OF CONTRACT\/PROJECT: \u201cLa contribuci\u00f3n de la cultura al desarrollo econ\u00f3mico local y regional\u201d<\/p>\n<p>COMPANY\/FUNDING INSTITUTION: Ministerio de Cultura, Gobierno de Espa\u00f1a<\/p>\n<p>DURATION SINCE: 10\/05\/2009\u00a0\u00a0\u00a0\u00a0\u00a0\u00a0\u00a0\u00a0\u00a0\u00a0\u00a0\u00a0\u00a0\u00a0\u00a0\u00a0\u00a0\u00a0\u00a0\u00a0\u00a0\u00a0\u00a0\u00a0 HASTA: 15\/01\/2010<\/p>\n<p>PRINCIPAL INVESTIGATOR: <strong>Luis C\u00e9sar Herrero Prieto<\/strong><\/p>\n<hr \/>\n<p>TITLE OF CONTRACT\/PROJECT: \u201cEstudio de impacto de las Industrias Culturales y Creativas en el desarrollo local y regional en Espa\u00f1a\u201d<\/p>\n<p>COMPANY\/FUNDING INSTITUTION: Ministerio de Cultura, Gobierno de Espa\u00f1a<\/p>\n<p>DURATION SINCE: 14\/02\/2008\u00a0\u00a0\u00a0\u00a0\u00a0\u00a0\u00a0\u00a0\u00a0\u00a0\u00a0\u00a0\u00a0\u00a0\u00a0\u00a0\u00a0\u00a0\u00a0\u00a0\u00a0\u00a0\u00a0\u00a0 HASTA: 14\/04\/2008<\/p>\n<p>PRINCIPAL INVESTIGATOR: <strong>Luis C\u00e9sar Herrero Prieto<\/strong><\/p>\n<hr \/>\n<p>TITLE OF CONTRACT\/PROJECT: \u201cEstudio de viabilidad y modelos de gesti\u00f3n del Palacio de Congresos-Auditorio de la Ciudad de Burgos\u201d<\/p>\n<p>COMPANY\/FUNDING INSTITUTION: Instituto Municipal de Cultura del Ayuntamiento de Burgos<\/p>\n<p>DURATION SINCE: 15\/01\/2009\u00a0\u00a0\u00a0\u00a0\u00a0\u00a0\u00a0\u00a0\u00a0\u00a0\u00a0\u00a0\u00a0\u00a0\u00a0\u00a0\u00a0\u00a0\u00a0\u00a0\u00a0\u00a0\u00a0\u00a0 HASTA: 30\/06\/2009<\/p>\n<p>PRINCIPAL INVESTIGATOR: <strong>Luis C\u00e9sar Herrero Prieto<\/strong><\/p>\n<hr \/>\n<p>TITLE OF CONTRACT\/PROJECT: \u201cConsultor\u00eda y asistencia para la definici\u00f3n de la gesti\u00f3n del Palacio de Congresos \u2013 Auditorio, definici\u00f3n de planes de negocio y repercusi\u00f3n en la econom\u00eda local\u201d<\/p>\n<p>COMPANY\/FUNDING INSTITUTION: Ayuntamiento de Burgos<\/p>\n<p>DURATION SINCE: 28\/12\/2007\u00a0\u00a0\u00a0\u00a0\u00a0\u00a0\u00a0\u00a0\u00a0\u00a0\u00a0\u00a0\u00a0\u00a0\u00a0\u00a0\u00a0\u00a0\u00a0\u00a0\u00a0\u00a0\u00a0\u00a0 HASTA: 30\/06\/2008<\/p>\n<p>PRINCIPAL INVESTIGATOR: <strong>Luis C\u00e9sar Herrero Prieto<\/strong><\/p>\n<hr \/>\n<p>TITLE OF CONTRACT\/PROJECT: \u201cConfiguraci\u00f3n de un sistema b\u00e1sico de estad\u00edsticas relativas al Patrimonio Hist\u00f3rico en Castilla y Le\u00f3n\u201d<\/p>\n<p>COMPANY\/FUNDING INSTITUTION: Consejer\u00eda de Cultura y Turismo. Junta de Castilla y Le\u00f3n<\/p>\n<p>DURATION SINCE: 20\/06\/2007\u00a0\u00a0\u00a0\u00a0\u00a0\u00a0\u00a0\u00a0\u00a0\u00a0\u00a0\u00a0\u00a0\u00a0\u00a0\u00a0\u00a0\u00a0\u00a0\u00a0\u00a0\u00a0\u00a0\u00a0 HASTA: 30\/03\/2008<\/p>\n<p>PRINCIPAL INVESTIGATOR: <strong>Jos\u00e9 \u00c1ngel Sanz Lara<\/strong><\/p>\n<hr \/>\n<p>TITLE OF CONTRACT\/PROJECT: \u201cConsultor\u00eda sobre proyecto metodol\u00f3gico y organizaci\u00f3n del Observatorio de la Ciudad Hist\u00f3rica de Santiago de Compostela\u201d<\/p>\n<p>COMPANY\/FUNDING INSTITUTION: Consorcio de Santiago de Compostela<\/p>\n<p>DURATION SINCE: 23\/03\/2006\u00a0\u00a0\u00a0\u00a0\u00a0\u00a0\u00a0\u00a0\u00a0\u00a0\u00a0\u00a0\u00a0\u00a0\u00a0\u00a0\u00a0\u00a0\u00a0\u00a0\u00a0\u00a0\u00a0\u00a0 HASTA: 23\/04\/2007<\/p>\n<p>PRINCIPAL INVESTIGATOR: <strong>Luis C\u00e9sar Herrero Prieto<\/strong><\/p>\n<hr \/>\n<p>TITLE OF CONTRACT\/PROJECT: \u201cTurismo cultural e impacto econ\u00f3mico de Salamanca 2002, Ciudad Europea de la Cultura\u201d<\/p>\n<p>COMPANY\/FUNDING INSTITUTION: Secretar\u00eda de Estado de Comercio y Turismo, Ministerio de Econom\u00eda<\/p>\n<p>DURATION SINCE: 21\/10\/2002\u00a0\u00a0\u00a0\u00a0\u00a0\u00a0\u00a0\u00a0\u00a0\u00a0\u00a0\u00a0\u00a0\u00a0\u00a0\u00a0\u00a0\u00a0\u00a0\u00a0\u00a0\u00a0\u00a0\u00a0 HASTA: 31\/03\/2003<\/p>\n<p>PRINCIPAL INVESTIGATOR: <strong>Luis C\u00e9sar Herrero Prieto<\/strong><\/p>\n<hr \/>\n<p>TITLE OF CONTRACT\/PROJECT: \u201cPrograma Territorial Integrado sobre Gesti\u00f3n Productiva del Patrimonio Cultural de la ciudad de Valpara\u00edso (Chile)\u201d<\/p>\n<p>COMPANY\/FUNDING INSTITUTION: Corporaci\u00f3n para el Fomento Productivo, Ministerio de Econom\u00eda de Chile<\/p>\n<p>DURATION SINCE: 01\/07\/2001\u00a0\u00a0\u00a0\u00a0\u00a0\u00a0\u00a0\u00a0\u00a0\u00a0\u00a0\u00a0\u00a0\u00a0\u00a0\u00a0\u00a0\u00a0\u00a0\u00a0\u00a0\u00a0\u00a0\u00a0 HASTA: 31\/12\/2001<\/p>\n<p>PRINCIPAL INVESTIGATOR: <strong>Luis C\u00e9sar Herrero Prieto<\/strong><\/p>\n<hr \/>\n","protected":false},"excerpt":{"rendered":"<p>[:es] PROYECTOS DE INVESTIGACION COMPETITIVOS T\u00cdULO DEL PROYECTO: \u201cEficiencia y buenas pr\u00e1cticas en instituciones culturales: aplicaciones DEA al Sistema Nacional de Museos\u201d ENTIDAD FINANCIADORA: Consejer\u00eda de Educaci\u00f3n. Junta de Castilla y Le\u00f3n DURACI\u00d3N DESDE: 01\/01\/2010\u00a0\u00a0\u00a0\u00a0\u00a0\u00a0\u00a0\u00a0\u00a0\u00a0\u00a0\u00a0\u00a0\u00a0\u00a0\u00a0\u00a0\u00a0\u00a0\u00a0\u00a0\u00a0\u00a0\u00a0\u00a0 HASTA: 31\/12\/2012 INVESTIGADOR PRINCIPAL: Luis C\u00e9sar Herrero Prieto REF.: VA006A10-1 T\u00cdULO DEL PROYECTO: \u201cEstimaci\u00f3n del valor de econ\u00f3mico que turistas [&hellip;]<\/p>\n","protected":false},"author":1,"featured_media":0,"parent":0,"menu_order":8,"comment_status":"closed","ping_status":"closed","template":"","meta":{"footnotes":""},"class_list":["post-75","page","type-page","status-publish","hentry"],"_links":{"self":[{"href":"https:\/\/giec.blogs.uva.es\/index.php?rest_route=\/wp\/v2\/pages\/75","targetHints":{"allow":["GET"]}}],"collection":[{"href":"https:\/\/giec.blogs.uva.es\/index.php?rest_route=\/wp\/v2\/pages"}],"about":[{"href":"https:\/\/giec.blogs.uva.es\/index.php?rest_route=\/wp\/v2\/types\/page"}],"author":[{"embeddable":true,"href":"https:\/\/giec.blogs.uva.es\/index.php?rest_route=\/wp\/v2\/users\/1"}],"replies":[{"embeddable":true,"href":"https:\/\/giec.blogs.uva.es\/index.php?rest_route=%2Fwp%2Fv2%2Fcomments&post=75"}],"version-history":[{"count":0,"href":"https:\/\/giec.blogs.uva.es\/index.php?rest_route=\/wp\/v2\/pages\/75\/revisions"}],"wp:attachment":[{"href":"https:\/\/giec.blogs.uva.es\/index.php?rest_route=%2Fwp%2Fv2%2Fmedia&parent=75"}],"curies":[{"name":"wp","href":"https:\/\/api.w.org\/{rel}","templated":true}]}}