{"id":6,"date":"2012-02-07T23:58:58","date_gmt":"2012-02-07T23:58:58","guid":{"rendered":"http:\/\/localhost\/giec_uva\/?page_id=6"},"modified":"2015-12-02T11:26:44","modified_gmt":"2015-12-02T11:26:44","slug":"objetivos","status":"publish","type":"page","link":"https:\/\/giec.blogs.uva.es\/?page_id=6","title":{"rendered":"Objetives"},"content":{"rendered":"<p>[:es]Los objetivos fundamentales del Grupo son los siguientes:<\/p>\n<p>a) La actividad investigadora en el campo anal\u00edtico de la Econom\u00eda de la Cultura y l\u00edneas de investigaci\u00f3n relacionadas.<\/p>\n<p>b) La orientaci\u00f3n de la investigaci\u00f3n hacia resultados de excelencia acad\u00e9mica: programas de doctorado y direcci\u00f3n de tesis doctorales.<\/p>\n<p>c) La difusi\u00f3n cient\u00edfica en foros nacionales e internacionales, as\u00ed como en revistas cient\u00edficas acreditadas de los resultados de la investigaci\u00f3n.<\/p>\n<p>d) La realizaci\u00f3n de informes y trabajos relacionados con la actividad investigadora del grupo.<\/p>\n<p>e) La participaci\u00f3n en Cursos de Posgrado y particularmente la coordinaci\u00f3n del Programa Oficial de Posgrado, M\u00e1ster Universitario en Econom\u00eda de la Cultura y Gesti\u00f3n Cultural de la Universidad de Valladolid.<\/p>\n<p>[:gb]The group\u2019s main objectives are:<\/p>\n<p>a) Research in the analytical field of cultural economics and related lines of research.<\/p>\n<p>b) Focusing research work towards achieving academic excellence: doctoral programmes and supervision of doctoral theses.<\/p>\n<p>c) Scientific dissemination of research results in national and international forums, as well as in accredited scientific journals.<\/p>\n<p>d) Writing reports and other works related to the group\u2019s research activity.<\/p>\n<p>e) Taking part in postgraduate courses and, in particular, coordinating the Official Postgraduate Programme, University of Valladolid Master\u2019s Degree in Cultural Economics and Cultural Management.<\/p>\n","protected":false},"excerpt":{"rendered":"<p>[:es]Los objetivos fundamentales del Grupo son los siguientes: a) La actividad investigadora en el campo anal\u00edtico de la Econom\u00eda de la Cultura y l\u00edneas de investigaci\u00f3n relacionadas. b) La orientaci\u00f3n de la investigaci\u00f3n hacia resultados de excelencia acad\u00e9mica: programas de doctorado y direcci\u00f3n de tesis doctorales. c) La difusi\u00f3n cient\u00edfica en foros nacionales e internacionales, [&hellip;]<\/p>\n","protected":false},"author":1,"featured_media":0,"parent":0,"menu_order":2,"comment_status":"closed","ping_status":"closed","template":"","meta":{"footnotes":""},"class_list":["post-6","page","type-page","status-publish","hentry"],"_links":{"self":[{"href":"https:\/\/giec.blogs.uva.es\/index.php?rest_route=\/wp\/v2\/pages\/6","targetHints":{"allow":["GET"]}}],"collection":[{"href":"https:\/\/giec.blogs.uva.es\/index.php?rest_route=\/wp\/v2\/pages"}],"about":[{"href":"https:\/\/giec.blogs.uva.es\/index.php?rest_route=\/wp\/v2\/types\/page"}],"author":[{"embeddable":true,"href":"https:\/\/giec.blogs.uva.es\/index.php?rest_route=\/wp\/v2\/users\/1"}],"replies":[{"embeddable":true,"href":"https:\/\/giec.blogs.uva.es\/index.php?rest_route=%2Fwp%2Fv2%2Fcomments&post=6"}],"version-history":[{"count":0,"href":"https:\/\/giec.blogs.uva.es\/index.php?rest_route=\/wp\/v2\/pages\/6\/revisions"}],"wp:attachment":[{"href":"https:\/\/giec.blogs.uva.es\/index.php?rest_route=%2Fwp%2Fv2%2Fmedia&parent=6"}],"curies":[{"name":"wp","href":"https:\/\/api.w.org\/{rel}","templated":true}]}}