{"id":47,"date":"2012-02-09T01:09:17","date_gmt":"2012-02-09T01:09:17","guid":{"rendered":"http:\/\/localhost\/giec_uva\/?page_id=47"},"modified":"2015-12-02T14:32:39","modified_gmt":"2015-12-02T14:32:39","slug":"lineas-de-investigacion","status":"publish","type":"page","link":"https:\/\/giec.blogs.uva.es\/?page_id=47","title":{"rendered":"Lines of Research"},"content":{"rendered":"<p>[:es]<\/p>\n<ol>\n<li>An\u00e1lisis econ\u00f3mico de la cultura y las manifestaciones culturales: artes esc\u00e9nicas, patrimonio hist\u00f3rico e industrias culturales<\/li>\n<li>Valoraci\u00f3n econ\u00f3mica de bienes p\u00fablicos relativos al patrimonio cultural<\/li>\n<li>Estudios de impacto econ\u00f3mico de actividades y eventos relacionados con la cultura<\/li>\n<li>Econom\u00eda de los museos, econom\u00eda de los festivales culturales<\/li>\n<li>Indicadores de eficiencia de entidades culturales<\/li>\n<li>An\u00e1lisis econ\u00f3mico y estad\u00edstico de las magnitudes culturales. Cultura y desarrollo econ\u00f3mico<\/li>\n<li>Estudio del turismo cultural y sus efectos econ\u00f3micos y territoriales<\/li>\n<li>Pol\u00edticas culturales y evaluaci\u00f3n de proyectos p\u00fablicos relacionados<\/li>\n<\/ol>\n<p>&nbsp;<\/p>\n<p>[:gb]<\/p>\n<ol>\n<li>Economic analysis of culture and expressions of culture: performing arts, historical heritage and cultural industries<\/li>\n<li>Economic valuation of public goods related to cultural heritage<\/li>\n<li>Economic impact studies of activities and events related to culture<\/li>\n<li>Economics of museums, economics of cultural festivals<\/li>\n<li>Efficiency indicators for cultural institutions<\/li>\n<li>Economic and statistical analysis of cultural indicators. Culture and economic development<\/li>\n<li>Study of cultural tourism and its economic and territorial effects<\/li>\n<li>Cultural policy and evaluation of related public projects<\/li>\n<\/ol>\n<p>&nbsp;<\/p>\n","protected":false},"excerpt":{"rendered":"<p>[:es] An\u00e1lisis econ\u00f3mico de la cultura y las manifestaciones culturales: artes esc\u00e9nicas, patrimonio hist\u00f3rico e industrias culturales Valoraci\u00f3n econ\u00f3mica de bienes p\u00fablicos relativos al patrimonio cultural Estudios de impacto econ\u00f3mico de actividades y eventos relacionados con la cultura Econom\u00eda de los museos, econom\u00eda de los festivales culturales Indicadores de eficiencia de entidades culturales An\u00e1lisis econ\u00f3mico [&hellip;]<\/p>\n","protected":false},"author":1,"featured_media":0,"parent":0,"menu_order":3,"comment_status":"closed","ping_status":"closed","template":"","meta":{"footnotes":""},"class_list":["post-47","page","type-page","status-publish","hentry"],"_links":{"self":[{"href":"https:\/\/giec.blogs.uva.es\/index.php?rest_route=\/wp\/v2\/pages\/47","targetHints":{"allow":["GET"]}}],"collection":[{"href":"https:\/\/giec.blogs.uva.es\/index.php?rest_route=\/wp\/v2\/pages"}],"about":[{"href":"https:\/\/giec.blogs.uva.es\/index.php?rest_route=\/wp\/v2\/types\/page"}],"author":[{"embeddable":true,"href":"https:\/\/giec.blogs.uva.es\/index.php?rest_route=\/wp\/v2\/users\/1"}],"replies":[{"embeddable":true,"href":"https:\/\/giec.blogs.uva.es\/index.php?rest_route=%2Fwp%2Fv2%2Fcomments&post=47"}],"version-history":[{"count":0,"href":"https:\/\/giec.blogs.uva.es\/index.php?rest_route=\/wp\/v2\/pages\/47\/revisions"}],"wp:attachment":[{"href":"https:\/\/giec.blogs.uva.es\/index.php?rest_route=%2Fwp%2Fv2%2Fmedia&parent=47"}],"curies":[{"name":"wp","href":"https:\/\/api.w.org\/{rel}","templated":true}]}}