{"id":466,"date":"2012-02-14T19:27:35","date_gmt":"2012-02-14T19:27:35","guid":{"rendered":"http:\/\/81.43.226.47\/giec_uva\/?page_id=466"},"modified":"2015-12-02T10:02:19","modified_gmt":"2015-12-02T10:02:19","slug":"organiza","status":"publish","type":"page","link":"https:\/\/giec.blogs.uva.es\/?page_id=466","title":{"rendered":"Organised"},"content":{"rendered":"<p>[:es]<\/p>\n<h5>Organiza y participa<\/h5>\n<ul>\n<li><span style=\"text-align: -webkit-auto\"><span style=\"text-align: -webkit-auto\">Programa Oficial de Posgrado M\u00e1ster Universitario en Econom\u00eda de la Cultura y Gesti\u00f3n Cultural.<\/span><\/span><a title=\"Master universitario en Econom\u00eda de la Cultura y Gesti\u00f3n Cultural\" href=\"http:\/\/www.emp.uva.es\/mastergestioncultural\" target=\"_blank\">\u00bbWeb del Master<\/a>\n<p class=\"pdf\" style=\"padding-bottom:2px\"><a href=\"http:\/\/81.43.226.47\/giec_uva\/wp-content\/uploads\/2012\/02\/Master-UVA-diptico-2011.pdf\">Master UVA d\u00edptico 2011<\/a><\/p>\n<\/li>\n<\/ul>\n<p style=\"text-align: left\"><a href=\"https:\/\/giec.blogs.uva.es\/files\/2012\/02\/Master-Uva-Cartel-201112.jpg\" title=\"Master UVa d\u00edptico 2011\"><img loading=\"lazy\" decoding=\"async\" class=\"aligncenter size-medium wp-image-1040\" src=\"https:\/\/giec.blogs.uva.es\/files\/2012\/02\/Master-Uva-Cartel-201112-300x212.jpg\" alt=\"Master UVa d\u00edptico 2011\" width=\"300\" height=\"212\" srcset=\"https:\/\/giec.blogs.uva.es\/files\/2012\/02\/Master-Uva-Cartel-201112-300x212.jpg 300w, https:\/\/giec.blogs.uva.es\/files\/2012\/02\/Master-Uva-Cartel-201112.jpg 500w\" sizes=\"auto, (max-width: 300px) 100vw, 300px\" \/><\/a><\/p>\n<h5>Otros proyectos educativos<\/h5>\n<ul>\n<li>M\u00e1ster Universitario en Administraci\u00f3n de Industrias Culturales\u00a0<a href=\"https:\/\/giec.blogs.uva.es\/files\/2012\/02\/IMG_MASTER-UNIVERSITARIO-ADMINISTRACION-INDUSTRIAS-CULTURALES1.jpg\" title=\"UVA ADMINISTRACION CARTEL\"><img loading=\"lazy\" decoding=\"async\" class=\"aligncenter size-medium wp-image-1041\" src=\"https:\/\/giec.blogs.uva.es\/files\/2012\/02\/IMG_MASTER-UNIVERSITARIO-ADMINISTRACION-INDUSTRIAS-CULTURALES1-100x300.jpg\" alt=\"UVA ADMINISTRACION CARTEL\" width=\"100\" height=\"300\" \/><\/a><\/li>\n<li>Cursos Intensivos para t\u00e9cnicos latinoamericanos patrocinados por el Ministerio de Cultura: \u201cEconom\u00eda de la Cultura y Cooperaci\u00f3n Cultural Internacional\u201d Curso 2008 y Curso 2010<a href=\"https:\/\/giec.blogs.uva.es\/files\/2012\/02\/IMG_CURSOS-INTENSIVOS-PARA-PARA-TECNICOS-LATINOAMERICANOS-MCU1.jpg\" title=\"Cartel IBEROAMERICA\"><img loading=\"lazy\" decoding=\"async\" class=\"aligncenter size-medium wp-image-1042\" src=\"https:\/\/giec.blogs.uva.es\/files\/2012\/02\/IMG_CURSOS-INTENSIVOS-PARA-PARA-TECNICOS-LATINOAMERICANOS-MCU1-212x300.jpg\" alt=\"Cartel IBEROAMERICA\" width=\"212\" height=\"300\" srcset=\"https:\/\/giec.blogs.uva.es\/files\/2012\/02\/IMG_CURSOS-INTENSIVOS-PARA-PARA-TECNICOS-LATINOAMERICANOS-MCU1-212x300.jpg 212w, https:\/\/giec.blogs.uva.es\/files\/2012\/02\/IMG_CURSOS-INTENSIVOS-PARA-PARA-TECNICOS-LATINOAMERICANOS-MCU1.jpg 394w\" sizes=\"auto, (max-width: 212px) 100vw, 212px\" \/><\/a><\/li>\n<li>Curso del Instituto de la Juventud de Castilla y Le\u00f3n sobre \u201cGesti\u00f3n de las Artes y la Creatividad\u201d Curso 2009<\/li>\n<li>Curso Monogr\u00e1fico \u201cEconom\u00eda de los museos: an\u00e1lisis y experiencias\u201d, Universidad de Valladolid, abril, 2008<\/li>\n<li>Jornadas \u201cEconom\u00eda de la Cultura: el valor de la emoci\u00f3n\u201d Universidad de Valladolid, 2002 (Foto cartel\/d\u00edptico)<\/li>\n<\/ul>\n<p>[:gb]<\/p>\n<h5>Organised by and taking part<\/h5>\n<ul>\n<li><span style=\"text-align: -webkit-auto\"><span style=\"text-align: -webkit-auto\">Programa Oficial de Posgrado M\u00e1ster Universitario en Econom\u00eda de la Cultura y Gesti\u00f3n Cultural.<\/span><\/span><a title=\"Master universitario en Econom\u00eda de la Cultura y Gesti\u00f3n Cultural\" href=\"http:\/\/www.emp.uva.es\/mastergestioncultural\" target=\"_blank\">\u00bbWeb del Master<\/a>\n<p class=\"pdf\" style=\"padding-bottom:2px\"><a href=\"http:\/\/81.43.226.47\/giec_uva\/wp-content\/uploads\/2012\/02\/Master-UVA-diptico-2011.pdf\">Master UVA d\u00edptico 2011<\/a><\/p>\n<\/li>\n<\/ul>\n<p style=\"text-align: left\"><a href=\"https:\/\/giec.blogs.uva.es\/files\/2012\/02\/Master-Uva-Cartel-201112.jpg\" title=\"Master UVa d\u00edptico 2011\"><img loading=\"lazy\" decoding=\"async\" class=\"aligncenter size-medium wp-image-1040\" src=\"https:\/\/giec.blogs.uva.es\/files\/2012\/02\/Master-Uva-Cartel-201112-300x212.jpg\" alt=\"Master UVa d\u00edptico 2011\" width=\"300\" height=\"212\" srcset=\"https:\/\/giec.blogs.uva.es\/files\/2012\/02\/Master-Uva-Cartel-201112-300x212.jpg 300w, https:\/\/giec.blogs.uva.es\/files\/2012\/02\/Master-Uva-Cartel-201112.jpg 500w\" sizes=\"auto, (max-width: 300px) 100vw, 300px\" \/><\/a><\/p>\n<h5>Other educational projects<\/h5>\n<ul>\n<li>M\u00e1ster Universitario en Administraci\u00f3n de Industrias Culturales\u00a0<a href=\"https:\/\/giec.blogs.uva.es\/files\/2012\/02\/IMG_MASTER-UNIVERSITARIO-ADMINISTRACION-INDUSTRIAS-CULTURALES1.jpg\" title=\"UVA ADMINISTRACION CARTEL\"><img loading=\"lazy\" decoding=\"async\" class=\"aligncenter size-medium wp-image-1041\" src=\"https:\/\/giec.blogs.uva.es\/files\/2012\/02\/IMG_MASTER-UNIVERSITARIO-ADMINISTRACION-INDUSTRIAS-CULTURALES1-100x300.jpg\" alt=\"UVA ADMINISTRACION CARTEL\" width=\"100\" height=\"300\" \/><\/a><\/li>\n<li>Cursos Intensivos para t\u00e9cnicos latinoamericanos patrocinados por el Ministerio de Cultura: \u201cEconom\u00eda de la Cultura y Cooperaci\u00f3n Cultural Internacional\u201d Curso 2008 y Curso 2010<a href=\"https:\/\/giec.blogs.uva.es\/files\/2012\/02\/IMG_CURSOS-INTENSIVOS-PARA-PARA-TECNICOS-LATINOAMERICANOS-MCU1.jpg\" title=\"Cartel IBEROAMERICA\"><img loading=\"lazy\" decoding=\"async\" class=\"aligncenter size-medium wp-image-1042\" src=\"https:\/\/giec.blogs.uva.es\/files\/2012\/02\/IMG_CURSOS-INTENSIVOS-PARA-PARA-TECNICOS-LATINOAMERICANOS-MCU1-212x300.jpg\" alt=\"Cartel IBEROAMERICA\" width=\"212\" height=\"300\" srcset=\"https:\/\/giec.blogs.uva.es\/files\/2012\/02\/IMG_CURSOS-INTENSIVOS-PARA-PARA-TECNICOS-LATINOAMERICANOS-MCU1-212x300.jpg 212w, https:\/\/giec.blogs.uva.es\/files\/2012\/02\/IMG_CURSOS-INTENSIVOS-PARA-PARA-TECNICOS-LATINOAMERICANOS-MCU1.jpg 394w\" sizes=\"auto, (max-width: 212px) 100vw, 212px\" \/><\/a><\/li>\n<li>Curso del Instituto de la Juventud de Castilla y Le\u00f3n sobre \u201cGesti\u00f3n de las Artes y la Creatividad\u201d Curso 2009<\/li>\n<li>Curso Monogr\u00e1fico \u201cEconom\u00eda de los museos: an\u00e1lisis y experiencias\u201d, Universidad de Valladolid, abril, 2008<\/li>\n<li>Jornadas \u201cEconom\u00eda de la Cultura: el valor de la emoci\u00f3n\u201d Universidad de Valladolid, 2002 (Foto cartel\/d\u00edptico)<\/li>\n<\/ul>\n","protected":false},"excerpt":{"rendered":"<p>[:es] Organiza y participa Programa Oficial de Posgrado M\u00e1ster Universitario en Econom\u00eda de la Cultura y Gesti\u00f3n Cultural.\u00bbWeb del Master Master UVA d\u00edptico 2011 Otros proyectos educativos M\u00e1ster Universitario en Administraci\u00f3n de Industrias Culturales\u00a0 Cursos Intensivos para t\u00e9cnicos latinoamericanos patrocinados por el Ministerio de Cultura: \u201cEconom\u00eda de la Cultura y Cooperaci\u00f3n Cultural Internacional\u201d Curso 2008 [&hellip;]<\/p>\n","protected":false},"author":1,"featured_media":0,"parent":0,"menu_order":0,"comment_status":"closed","ping_status":"closed","template":"","meta":{"footnotes":""},"class_list":["post-466","page","type-page","status-publish","hentry"],"_links":{"self":[{"href":"https:\/\/giec.blogs.uva.es\/index.php?rest_route=\/wp\/v2\/pages\/466","targetHints":{"allow":["GET"]}}],"collection":[{"href":"https:\/\/giec.blogs.uva.es\/index.php?rest_route=\/wp\/v2\/pages"}],"about":[{"href":"https:\/\/giec.blogs.uva.es\/index.php?rest_route=\/wp\/v2\/types\/page"}],"author":[{"embeddable":true,"href":"https:\/\/giec.blogs.uva.es\/index.php?rest_route=\/wp\/v2\/users\/1"}],"replies":[{"embeddable":true,"href":"https:\/\/giec.blogs.uva.es\/index.php?rest_route=%2Fwp%2Fv2%2Fcomments&post=466"}],"version-history":[{"count":0,"href":"https:\/\/giec.blogs.uva.es\/index.php?rest_route=\/wp\/v2\/pages\/466\/revisions"}],"wp:attachment":[{"href":"https:\/\/giec.blogs.uva.es\/index.php?rest_route=%2Fwp%2Fv2%2Fmedia&parent=466"}],"curies":[{"name":"wp","href":"https:\/\/api.w.org\/{rel}","templated":true}]}}