{"id":17,"date":"2012-02-08T00:01:12","date_gmt":"2012-02-08T00:01:12","guid":{"rendered":"http:\/\/localhost\/giec_uva\/?page_id=17"},"modified":"2015-12-02T14:44:08","modified_gmt":"2015-12-02T14:44:08","slug":"enlaces-giec","status":"publish","type":"page","link":"https:\/\/giec.blogs.uva.es\/?page_id=17","title":{"rendered":"ENLACES"},"content":{"rendered":"<p>[:es]<\/p>\n<h3 class=\"art-postheader\">Presentaci\u00f3n del Congreso Valladolid ACEI 2016<\/h3>\n<p><a href=\"https:\/\/giec.blogs.uva.es\/files\/2012\/02\/ACEI-2016-Triptico.pdf\">Documento de presentaci\u00f3n del Congreso de la Asociaci\u00f3n Internacional de Econom\u00eda de la Cultura. ACEI 2016 en Valladolid.<\/a><\/p>\n<h3 class=\"art-postheader\">Candidatura UVa ACEI\u20192014<\/h3>\n<p class=\"pdf\"><a href=\"https:\/\/giec.blogs.uva.es\/files\/2012\/02\/uvaproposalforacei201479.pdf\" target=\"_blank\">Candidatura de la Universidad de Valladolid para organizar el XVIII Congreso de la Asociaci\u00f3n Internacional de Econom\u00eda de la Cultura. ACEI\u20192014 IN VALLADOLID\u00a0THE UNIVERSITY OF VALLADOLID PROPOSAL TO HOST THE 18TH CONGRESS OF THE ASSOCIATION FOR CULTURAL ECONOMICS INTERNATIONAL<\/a><\/p>\n<h3 class=\"art-postheader\">Asociaciones Cient\u00edficas<\/h3>\n<ul>\n<li>ACEI (Association for Cultural Economics International):<a href=\"http:\/\/www.culturaleconomics.org\/\" target=\"_blank\">http:\/\/www.culturaleconomics.org\/<\/a><\/li>\n<li>AECR (Asociaci\u00f3n Espa\u00f1ola de Ciencia Regional):\u00a0<a href=\"http:\/\/www.aecr.org\/\" target=\"_blank\">www.aecr.org<\/a><\/li>\n<li>ASEPELT (Asociaci\u00f3n Internacional de Econom\u00eda Aplicada):\u00a0<a href=\"http:\/\/www.asepelt.org\/\" target=\"_blank\">http:\/\/www.asepelt.org\/<\/a><\/li>\n<\/ul>\n<h3 class=\"art-postheader\">Congresos<\/h3>\n<ul>\n<li>19th International Conference on Cultural Economics, Valladolid\u00a0(Espa\u00f1a),\u00a0Junio 2016<\/li>\n<li><a href=\"http:\/\/acei2014.esg.uqam.ca\/?lang=en\" target=\"_blank\">18th International Conference on Cultural Economics, Montreal (Canad\u00e1),\u00a0Junio 24- 27, 2014<\/a><\/li>\n<li><a href=\"http:\/\/www.jace.gr.jp\/ACEI2012\/callforpapers.html\" target=\"_blank\">17<sup>th<\/sup>\u00a0International Conference on Cultural Economics, Kioto (Japan), Junio 21-24, 2012<\/a><\/li>\n<li>Workshops en Econom\u00eda y Gesti\u00f3n de la Cultura\n<ul>\n<li><a href=\"http:\/\/grupo.us.es\/aeep\/WORKSHOP_EGC_2009\/CARTELWEB_I_WORKSHOP_EGC.html\" target=\"_blank\">Sevilla 2009<\/a><\/li>\n<li><a href=\"http:\/\/www.uv.es\/worksegc\/Sitio_web\/Inicio.html\" target=\"_blank\">Valencia 2010<\/a><\/li>\n<li><a href=\"http:\/\/www.udg.edu\/tabid\/17670\/language\/ca-ES\/Default.aspx\" target=\"_blank\">Gerona 2011<\/a><\/li>\n<li><a href=\"http:\/\/www.4wcem.blogspot.com.es\/\" target=\"_blank\">Bilbao 2012<\/a><\/li>\n<li><a href=\"http:\/\/www.uca.es\/emprendedores\/5wcem\" target=\"_blank\">C\u00e1diz 2013<\/a><\/li>\n<li><a href=\"http:\/\/www.nebrija.com\/workshop-economia-gestion-cultura\/index.php\" target=\"_blank\">Madrid 2013<\/a><\/li>\n<\/ul>\n<\/li>\n<li>European Workshop on Cultural Economics\n<ul>\n<li>Dubl\u00edn 2011<\/li>\n<\/ul>\n<\/li>\n<\/ul>\n<h3 class=\"art-postheader\">Revistas Cient\u00edficas<\/h3>\n<ul>\n<li><a title=\"Journal of Cultural Economics\" href=\"http:\/\/www.springer.com\/economics\/microeconomics\/journal\/10824\" target=\"_blank\">Journal of Cultural Economics<\/a><\/li>\n<li><a title=\"Journal of Cultural Heritage\" href=\"http:\/\/www.elsevier.com\/wps\/find\/journaldescription.cws_home\/620738\/description#description\" target=\"_blank\">Journal of Cultural Heritage<\/a><\/li>\n<li><a title=\"Poetics\" href=\"http:\/\/www.journals.elsevier.com\/poetics\/\" target=\"_blank\">Poetics<\/a><\/li>\n<li><a title=\"Estudios de Econom\u00eda Aplicada\" href=\"http:\/\/www.revista-eea.net\/\" target=\"_blank\">Estudios de Econom\u00eda Aplicada<\/a><\/li>\n<li><a title=\"International Journal of Tourism Research\" href=\"http:\/\/www.interscience.wiley.com\/jpages\/1099-2340\/\" target=\"_blank\">International Journal of Tourism Research<\/a><\/li>\n<li><a title=\"Journal of Environmental Planning and Management\" href=\"http:\/\/www.tandf.co.uk\/journals\/CJEP\" target=\"_blank\">Journal of Environmental Planning and Management<\/a><\/li>\n<li><a title=\"Tourism Management\" href=\"http:\/\/www.journals.elsevier.com\/tourism-management\/\" target=\"_blank\">Tourism Management<\/a><\/li>\n<li><a title=\"Tourism Economics\" href=\"http:\/\/www.ippublishing.com\/te.htm\" target=\"_blank\">Tourism Economics<\/a><\/li>\n<li><a title=\"Journal of Applied Economics\" href=\"http:\/\/www.ucema.edu.ar\/journal-applied-economics\" target=\"_blank\">Journal of Applied Economics<\/a><\/li>\n<li><a href=\"http:\/\/www.tandfonline.com\/loi\/gcul20#.VXAilNLtmko\" target=\"_blank\">International Journal of Cultural Policy<\/a><\/li>\n<\/ul>\n<h3 class=\"art-postheader\">Enlaces Universidad<\/h3>\n<ul>\n<li><a title=\"Universidad de Valladolid\" href=\"http:\/\/www.uva.es\" target=\"_blank\">Universidad de Valladolid<\/a><\/li>\n<li><a title=\"Escuela Universitaria de Estudios Empresariales\" href=\"http:\/\/www.emp.uva.es\/\" target=\"_blank\">Facultad de Comercio<\/a><\/li>\n<li><a title=\"Departamento de Econom\u00eda Aplicada\" href=\"http:\/\/www2.eco.uva.es\/ecoapli\/\" target=\"_blank\">Departamento de Econom\u00eda Aplicada<\/a><\/li>\n<li><a title=\"Departamento de Econom\u00eda Financiera y Contabilidad\" href=\"http:\/\/www5.uva.es\/efc\/\" target=\"_blank\">Departamento de Econom\u00eda Financiera y Contabilidad<\/a><\/li>\n<li><a title=\"Universidad Austral de Chile\" href=\"http:\/\/www.uach.cl\/\" target=\"_blank\">Universidad Austral de Chile<\/a><\/li>\n<li><a title=\"Instituto de Estad\u00edstica (UACH)\" href=\"http:\/\/www.economicas.uach.cl\/institutos\/estadistica\" target=\"_blank\">Instituto de Estad\u00edstica (UACH)<\/a><\/li>\n<\/ul>\n<p>[:gb]<\/p>\n<h3 class=\"art-postheader\">Documento de presentaci\u00f3n del Congreso Internacional Valladolid ACEI 2016 Conference<\/h3>\n<p><a href=\"https:\/\/giec.blogs.uva.es\/files\/2012\/02\/ACEI-2016-Triptico.pdf\">Documento de presentaci\u00f3n del Congreso de la Asociaci\u00f3n Internacional de Econom\u00eda de la Cultura. ACEI 2016 en Valladolid.<\/a><\/p>\n<h3 class=\"art-postheader\">Candidatura UVA ACEI 2016<\/h3>\n<p class=\"pdf\"><a href=\"https:\/\/giec.blogs.uva.es\/files\/2012\/02\/uvaproposalforacei201479.pdf\" target=\"_blank\">Candidatura de la Universidad de Valladolid para organizar el XVIII Congreso de la Asociaci\u00f3n Internacional de Econom\u00eda de la Cultura. ACEI\u20192014 IN VALLADOLID\u00a0THE UNIVERSITY OF VALLADOLID PROPOSAL TO HOST THE 18TH CONGRESS OF THE ASSOCIATION FOR CULTURAL ECONOMICS INTERNATIONAL<\/a><\/p>\n<h3 class=\"art-postheader\">Scientific Associations<\/h3>\n<ul>\n<li>ACEI (Association for Cultural Economics International):<a href=\"http:\/\/www.culturaleconomics.org\/\" target=\"_blank\">http:\/\/www.culturaleconomics.org\/<\/a><\/li>\n<li>AECR (Asociaci\u00f3n Espa\u00f1ola de Ciencia Regional):\u00a0<a href=\"http:\/\/www.aecr.org\/\" target=\"_blank\">www.aecr.org<\/a><\/li>\n<li>ASEPELT (Asociaci\u00f3n Internacional de Econom\u00eda Aplicada):\u00a0<a href=\"http:\/\/www.asepelt.org\/\" target=\"_blank\">http:\/\/www.asepelt.org\/<\/a><\/li>\n<\/ul>\n<h3 class=\"art-postheader\">Conferences<\/h3>\n<ul>\n<li>19th International Conference on Cultural Economics, Valladolid\u00a0(Espa\u00f1a),\u00a0Junio 2016<\/li>\n<li><a href=\"http:\/\/acei2014.esg.uqam.ca\/?lang=en\" target=\"_blank\">18th International Conference on Cultural Economics, Montreal (Canad\u00e1),\u00a0Junio 24- 27, 2014<\/a><\/li>\n<li><a href=\"http:\/\/www.jace.gr.jp\/ACEI2012\/callforpapers.html\" target=\"_blank\">17<sup>th<\/sup>\u00a0International Conference on Cultural Economics, Kioto (Japan), Junio 21-24, 2012<\/a><\/li>\n<li>Workshops en Econom\u00eda y Gesti\u00f3n de la Cultura\n<ul>\n<li><a href=\"http:\/\/grupo.us.es\/aeep\/WORKSHOP_EGC_2009\/CARTELWEB_I_WORKSHOP_EGC.html\" target=\"_blank\">Sevilla 2009<\/a><\/li>\n<li><a href=\"http:\/\/www.uv.es\/worksegc\/Sitio_web\/Inicio.html\" target=\"_blank\">Valencia 2010<\/a><\/li>\n<li><a href=\"http:\/\/www.udg.edu\/tabid\/17670\/language\/ca-ES\/Default.aspx\" target=\"_blank\">Gerona 2011<\/a><\/li>\n<li><a href=\"http:\/\/www.4wcem.blogspot.com.es\/\" target=\"_blank\">Bilbao 2012<\/a><\/li>\n<li><a href=\"http:\/\/www.uca.es\/emprendedores\/5wcem\" target=\"_blank\">C\u00e1diz 2013<\/a><\/li>\n<li><a href=\"http:\/\/www.nebrija.com\/workshop-economia-gestion-cultura\/index.php\" target=\"_blank\">Madrid 2013<\/a><\/li>\n<\/ul>\n<\/li>\n<li>European Workshop on Cultural Economics\n<ul>\n<li>Dubl\u00edn 2011<\/li>\n<\/ul>\n<\/li>\n<\/ul>\n<h3 class=\"art-postheader\">Scientific Journals<\/h3>\n<ul>\n<li><a title=\"Journal of Cultural Economics\" href=\"http:\/\/www.springer.com\/economics\/microeconomics\/journal\/10824\" target=\"_blank\">Journal of Cultural Economics<\/a><\/li>\n<li><a title=\"Journal of Cultural Heritage\" href=\"http:\/\/www.elsevier.com\/wps\/find\/journaldescription.cws_home\/620738\/description#description\" target=\"_blank\">Journal of Cultural Heritage<\/a><\/li>\n<li><a title=\"Poetics\" href=\"http:\/\/www.journals.elsevier.com\/poetics\/\" target=\"_blank\">Poetics<\/a><\/li>\n<li><a title=\"Estudios de Econom\u00eda Aplicada\" href=\"http:\/\/www.revista-eea.net\/\" target=\"_blank\">Estudios de Econom\u00eda Aplicada<\/a><\/li>\n<li><a title=\"International Journal of Tourism Research\" href=\"http:\/\/www.interscience.wiley.com\/jpages\/1099-2340\/\" target=\"_blank\">International Journal of Tourism Research<\/a><\/li>\n<li><a title=\"Journal of Environmental Planning and Management\" href=\"http:\/\/www.tandf.co.uk\/journals\/CJEP\" target=\"_blank\">Journal of Environmental Planning and Management<\/a><\/li>\n<li><a title=\"Tourism Management\" href=\"http:\/\/www.journals.elsevier.com\/tourism-management\/\" target=\"_blank\">Tourism Management<\/a><\/li>\n<li><a title=\"Tourism Economics\" href=\"http:\/\/www.ippublishing.com\/te.htm\" target=\"_blank\">Tourism Economics<\/a><\/li>\n<li><a title=\"Journal of Applied Economics\" href=\"http:\/\/www.ucema.edu.ar\/journal-applied-economics\" target=\"_blank\">Journal of Applied Economics<\/a><\/li>\n<li><a href=\"http:\/\/www.tandfonline.com\/loi\/gcul20#.VXAilNLtmko\" target=\"_blank\">International Journal of Cultural Policy<\/a><\/li>\n<\/ul>\n<h3 class=\"art-postheader\">University Links<\/h3>\n<ul>\n<li><a title=\"Universidad de Valladolid\" href=\"http:\/\/www.uva.es\" target=\"_blank\">Universidad de Valladolid<\/a><\/li>\n<li><a title=\"Escuela Universitaria de Estudios Empresariales\" href=\"http:\/\/www.emp.uva.es\/\" target=\"_blank\">Facultad de Comercio<\/a><\/li>\n<li><a title=\"Departamento de Econom\u00eda Aplicada\" href=\"http:\/\/www2.eco.uva.es\/ecoapli\/\" target=\"_blank\">Departamento de Econom\u00eda Aplicada<\/a><\/li>\n<li><a title=\"Departamento de Econom\u00eda Financiera y Contabilidad\" href=\"http:\/\/www5.uva.es\/efc\/\" target=\"_blank\">Departamento de Econom\u00eda Financiera y Contabilidad<\/a><\/li>\n<li><a title=\"Universidad Austral de Chile\" href=\"http:\/\/www.uach.cl\/\" target=\"_blank\">Universidad Austral de Chile<\/a><\/li>\n<li><a title=\"Instituto de Estad\u00edstica (UACH)\" href=\"http:\/\/www.economicas.uach.cl\/institutos\/estadistica\" target=\"_blank\">Instituto de Estad\u00edstica (UACH)<\/a><\/li>\n<\/ul>\n","protected":false},"excerpt":{"rendered":"<p>[:es] Presentaci\u00f3n del Congreso Valladolid ACEI 2016 Documento de presentaci\u00f3n del Congreso de la Asociaci\u00f3n Internacional de Econom\u00eda de la Cultura. ACEI 2016 en Valladolid. Candidatura UVa ACEI\u20192014 Candidatura de la Universidad de Valladolid para organizar el XVIII Congreso de la Asociaci\u00f3n Internacional de Econom\u00eda de la Cultura. ACEI\u20192014 IN VALLADOLID\u00a0THE UNIVERSITY OF VALLADOLID PROPOSAL [&hellip;]<\/p>\n","protected":false},"author":1,"featured_media":0,"parent":0,"menu_order":5,"comment_status":"closed","ping_status":"closed","template":"","meta":{"footnotes":""},"class_list":["post-17","page","type-page","status-publish","hentry"],"_links":{"self":[{"href":"https:\/\/giec.blogs.uva.es\/index.php?rest_route=\/wp\/v2\/pages\/17","targetHints":{"allow":["GET"]}}],"collection":[{"href":"https:\/\/giec.blogs.uva.es\/index.php?rest_route=\/wp\/v2\/pages"}],"about":[{"href":"https:\/\/giec.blogs.uva.es\/index.php?rest_route=\/wp\/v2\/types\/page"}],"author":[{"embeddable":true,"href":"https:\/\/giec.blogs.uva.es\/index.php?rest_route=\/wp\/v2\/users\/1"}],"replies":[{"embeddable":true,"href":"https:\/\/giec.blogs.uva.es\/index.php?rest_route=%2Fwp%2Fv2%2Fcomments&post=17"}],"version-history":[{"count":0,"href":"https:\/\/giec.blogs.uva.es\/index.php?rest_route=\/wp\/v2\/pages\/17\/revisions"}],"wp:attachment":[{"href":"https:\/\/giec.blogs.uva.es\/index.php?rest_route=%2Fwp%2Fv2%2Fmedia&parent=17"}],"curies":[{"name":"wp","href":"https:\/\/api.w.org\/{rel}","templated":true}]}}