{"id":1608,"date":"2015-11-30T09:22:08","date_gmt":"2015-11-30T09:22:08","guid":{"rendered":"http:\/\/giec.blogs.uva.es\/?page_id=1608"},"modified":"2015-12-02T11:33:30","modified_gmt":"2015-12-02T11:33:30","slug":"1608-2","status":"publish","type":"page","link":"https:\/\/giec.blogs.uva.es\/?page_id=1608","title":{"rendered":"Jonathan Daniel G\u00f3mez Zapata"},"content":{"rendered":"<p>[:es]<\/p>\n<p style=\"font-size: 10px;margin-top: 0;padding-top: 0px\"><a href=\"https:\/\/giec.blogs.uva.es\/?page_id=968\" target=\"_self\">\u00ab Volver<\/a><\/p>\n<h1 style=\"margin-top: 5px\"><\/h1>\n<p>Alumno del Doctorado en Econom\u00eda<img loading=\"lazy\" decoding=\"async\" class=\"alignright wp-image-1611\" src=\"https:\/\/giec.blogs.uva.es\/files\/2015\/11\/descarga-181x300.jpg\" alt=\"descarga\" width=\"150\" height=\"248\" srcset=\"https:\/\/giec.blogs.uva.es\/files\/2015\/11\/descarga-181x300.jpg 181w, https:\/\/giec.blogs.uva.es\/files\/2015\/11\/descarga-250x415.jpg 250w, https:\/\/giec.blogs.uva.es\/files\/2015\/11\/descarga.jpg 446w\" sizes=\"auto, (max-width: 150px) 100vw, 150px\" \/><\/p>\n<p>Departamento Econom\u00eda Aplicada<\/p>\n<p>Facultad de Comercio<\/p>\n<p>Plaza del Campus, 1,\u00a047011, Valladolid<\/p>\n<p>Tel\u00e9fono: \u00a0\u00a0\u00a0\u00a0\u00a0\u00a0\u00a0 +57 3008533172<\/p>\n<p>Email: \u00a0\u00a0\u00a0\u00a0\u00a0\u00a0\u00a0\u00a0\u00a0\u00a0\u00a0 jdgomezz@unal.edu.co<\/p>\n<p>Web:\u00a0\u00a0\u00a0\u00a0\u00a0\u00a0\u00a0\u00a0\u00a0\u00a0\u00a0\u00a0\u00a0\u00a0 <a href=\"http:\/\/www.emp.uva.es\/giec\">http:\/\/www.emp.uva.es\/giec<\/a><\/p>\n<p style=\"font-weight: bold;margin-bottom: 8px;line-height: 175%\">CV breve<\/p>\n<div style=\"background-color: #c5d3e2;width: 100%;height: 185px;overflow: auto;margin-bottom: 10px\">\n<p style=\"padding: 3px 15px 3px 15px\">Economista por la Universidad Nacional de Colombia (UNAL) y Mag\u00edster en Estudios Latinoamericanos menci\u00f3n Econom\u00eda por la Universidad de Salamanca (USAL). Su primer acercamiento a la Econom\u00eda de la Cultura lo tiene en el a\u00f1o 2006 cuando cursa la asignatura con este nombre, dentro del programa de Econom\u00eda de la UNAL Sede Medell\u00edn; al a\u00f1o siguiente se vincula al Grupo de Investigaci\u00f3n \u201cEconom\u00eda, Cultura y Pol\u00edticas\u201d de esta misma universidad, donde participa en diferentes proyectos de investigaci\u00f3n, docencia y transmisi\u00f3n social del conocimiento, como por ejemplo: Valoraci\u00f3n econ\u00f3mica de los bienes del patrimonio en Medell\u00edn, Vig\u00edas del patrimonio, entre otros. En el a\u00f1o 2010 fue merecedor de la beca <em>J\u00f3venes Investigadores<\/em> del Departamento Nacional de Ciencia, Tecnolog\u00eda e Innovaci\u00f3n de Colombia \u2013 Colciencias y en el 2011 recibi\u00f3 la beca del <em>Programa Enlaza Mundos<\/em> de la Alcald\u00eda de Medell\u00edn para cursar estudios de posgrado en el exterior, realiz\u00e1ndolos en la USAL donde defendi\u00f3 el Trabajo de Fin de M\u00e1ster: \u201cEl Museo de Antioquia como instrumento de desarrollo local. Una valoraci\u00f3n econ\u00f3mica de bienes de no mercado\u201d. Desde el a\u00f1o 2013 ha estado vinculado como docente ocasional en el programa de Econom\u00eda de la UNAL Sede Medell\u00edn, impartiendo las asignaturas de Fundamentos de Econom\u00eda y Econom\u00eda P\u00fablica. Tambi\u00e9n ha ejercido como consultor en empresa de Estudios Ambientales en la ciudad.\u00a0 Ha participado como ponente en diferentes congresos nacionales e internacionales, entre los que se destaca la C\u00e1tedra Abierta en Investigaci\u00f3n en Ciencias Econ\u00f3micas de la UNAL (Medell\u00edn \u2013 Colombia), XIII Seminario Internacional de la Red Iberoamericana de Investigadores (RII) sobre Globalizaci\u00f3n y Territorio (Salvador, Bah\u00eda \u2013 Brasil), VI Congreso Nacional de Estudiantes de Postgrado en Econom\u00eda de la Universidad Nacional del Sur (Bah\u00eda Blanca \u2013 Argentina), entre otros. Algunos de sus trabajos se han publicado en la revistas Proyecci\u00f3n (Argentina) y Ensayos de Econom\u00eda (Colombia). Actualmente su l\u00ednea de investigaci\u00f3n se centra en el estudio de la cultura dentro del desarrollo territorial, tomando como objeto de an\u00e1lisis la Red de Escuelas de M\u00fasica de la ciudad de Medell\u00edn<\/p>\n<\/div>\n<p>[:gb]<\/p>\n<p class=\"pdf\" style=\"padding-bottom: 2px;margin-bottom: 8px;line-height: 175%;font-weight: bold\">\n<p style=\"font-size: 10px;margin-top: 0;padding-top: 0px\"><a href=\"https:\/\/giec.blogs.uva.es\/?page_id=968\" target=\"_self\">\u00ab Return<\/a><\/p>\n<h1 style=\"margin-top: 5px\"><\/h1>\n<p>Phd Student in Economics<img loading=\"lazy\" decoding=\"async\" class=\"alignright wp-image-1611\" src=\"https:\/\/giec.blogs.uva.es\/files\/2015\/11\/descarga-181x300.jpg\" alt=\"descarga\" width=\"150\" height=\"248\" srcset=\"https:\/\/giec.blogs.uva.es\/files\/2015\/11\/descarga-181x300.jpg 181w, https:\/\/giec.blogs.uva.es\/files\/2015\/11\/descarga-250x415.jpg 250w, https:\/\/giec.blogs.uva.es\/files\/2015\/11\/descarga.jpg 446w\" sizes=\"auto, (max-width: 150px) 100vw, 150px\" \/><\/p>\n<p>Applied Economics Department<\/p>\n<p>Faculty of Business<\/p>\n<p>Plaza del Campus, 1,\u00a047011, Valladolid<\/p>\n<p>Telephone: \u00a0\u00a0\u00a0\u00a0\u00a0\u00a0\u00a0 +57 3008533172<\/p>\n<p>Email: \u00a0\u00a0\u00a0\u00a0\u00a0\u00a0\u00a0\u00a0\u00a0\u00a0\u00a0 jdgomezz@unal.edu.co<\/p>\n<p>Web:\u00a0\u00a0\u00a0\u00a0\u00a0\u00a0\u00a0\u00a0\u00a0\u00a0\u00a0\u00a0\u00a0\u00a0 <a href=\"http:\/\/www.emp.uva.es\/giec\">http:\/\/www.emp.uva.es\/giec<\/a><\/p>\n<p style=\"font-weight: bold;margin-bottom: 8px;line-height: 175%\">Short CV <\/p>\n<div style=\"background-color: #c5d3e2;width: 100%;height: 185px;overflow: auto;margin-bottom: 10px\">\n<p style=\"padding: 3px 15px 3px 15px\">Economista por la Universidad Nacional de Colombia (UNAL) y Mag\u00edster en Estudios Latinoamericanos menci\u00f3n Econom\u00eda por la Universidad de Salamanca (USAL). Su primer acercamiento a la Econom\u00eda de la Cultura lo tiene en el a\u00f1o 2006 cuando cursa la asignatura con este nombre, dentro del programa de Econom\u00eda de la UNAL Sede Medell\u00edn; al a\u00f1o siguiente se vincula al Grupo de Investigaci\u00f3n \u201cEconom\u00eda, Cultura y Pol\u00edticas\u201d de esta misma universidad, donde participa en diferentes proyectos de investigaci\u00f3n, docencia y transmisi\u00f3n social del conocimiento, como por ejemplo: Valoraci\u00f3n econ\u00f3mica de los bienes del patrimonio en Medell\u00edn, Vig\u00edas del patrimonio, entre otros. En el a\u00f1o 2010 fue merecedor de la beca <em>J\u00f3venes Investigadores<\/em> del Departamento Nacional de Ciencia, Tecnolog\u00eda e Innovaci\u00f3n de Colombia \u2013 Colciencias y en el 2011 recibi\u00f3 la beca del <em>Programa Enlaza Mundos<\/em> de la Alcald\u00eda de Medell\u00edn para cursar estudios de posgrado en el exterior, realiz\u00e1ndolos en la USAL donde defendi\u00f3 el Trabajo de Fin de M\u00e1ster: \u201cEl Museo de Antioquia como instrumento de desarrollo local. Una valoraci\u00f3n econ\u00f3mica de bienes de no mercado\u201d. Desde el a\u00f1o 2013 ha estado vinculado como docente ocasional en el programa de Econom\u00eda de la UNAL Sede Medell\u00edn, impartiendo las asignaturas de Fundamentos de Econom\u00eda y Econom\u00eda P\u00fablica. Tambi\u00e9n ha ejercido como consultor en empresa de Estudios Ambientales en la ciudad.\u00a0 Ha participado como ponente en diferentes congresos nacionales e internacionales, entre los que se destaca la C\u00e1tedra Abierta en Investigaci\u00f3n en Ciencias Econ\u00f3micas de la UNAL (Medell\u00edn \u2013 Colombia), XIII Seminario Internacional de la Red Iberoamericana de Investigadores (RII) sobre Globalizaci\u00f3n y Territorio (Salvador, Bah\u00eda \u2013 Brasil), VI Congreso Nacional de Estudiantes de Postgrado en Econom\u00eda de la Universidad Nacional del Sur (Bah\u00eda Blanca \u2013 Argentina), entre otros. Algunos de sus trabajos se han publicado en la revistas Proyecci\u00f3n (Argentina) y Ensayos de Econom\u00eda (Colombia). Actualmente su l\u00ednea de investigaci\u00f3n se centra en el estudio de la cultura dentro del desarrollo territorial, tomando como objeto de an\u00e1lisis la Red de Escuelas de M\u00fasica de la ciudad de Medell\u00edn<\/p>\n<\/div>\n<p class=\"pdf\" style=\"padding-bottom: 2px;margin-bottom: 8px;line-height: 175%;font-weight: bold\">\n","protected":false},"excerpt":{"rendered":"<p>[:es] \u00ab Volver Alumno del Doctorado en Econom\u00eda Departamento Econom\u00eda Aplicada Facultad de Comercio Plaza del Campus, 1,\u00a047011, Valladolid Tel\u00e9fono: \u00a0\u00a0\u00a0\u00a0\u00a0\u00a0\u00a0 +57 3008533172 Email: \u00a0\u00a0\u00a0\u00a0\u00a0\u00a0\u00a0\u00a0\u00a0\u00a0\u00a0 jdgomezz@unal.edu.co Web:\u00a0\u00a0\u00a0\u00a0\u00a0\u00a0\u00a0\u00a0\u00a0\u00a0\u00a0\u00a0\u00a0\u00a0 http:\/\/www.emp.uva.es\/giec CV breve Economista por la Universidad Nacional de Colombia (UNAL) y Mag\u00edster en Estudios Latinoamericanos menci\u00f3n Econom\u00eda por la Universidad de Salamanca (USAL). Su primer acercamiento a [&hellip;]<\/p>\n","protected":false},"author":59,"featured_media":0,"parent":0,"menu_order":0,"comment_status":"closed","ping_status":"closed","template":"","meta":{"footnotes":""},"class_list":["post-1608","page","type-page","status-publish","hentry"],"_links":{"self":[{"href":"https:\/\/giec.blogs.uva.es\/index.php?rest_route=\/wp\/v2\/pages\/1608","targetHints":{"allow":["GET"]}}],"collection":[{"href":"https:\/\/giec.blogs.uva.es\/index.php?rest_route=\/wp\/v2\/pages"}],"about":[{"href":"https:\/\/giec.blogs.uva.es\/index.php?rest_route=\/wp\/v2\/types\/page"}],"author":[{"embeddable":true,"href":"https:\/\/giec.blogs.uva.es\/index.php?rest_route=\/wp\/v2\/users\/59"}],"replies":[{"embeddable":true,"href":"https:\/\/giec.blogs.uva.es\/index.php?rest_route=%2Fwp%2Fv2%2Fcomments&post=1608"}],"version-history":[{"count":0,"href":"https:\/\/giec.blogs.uva.es\/index.php?rest_route=\/wp\/v2\/pages\/1608\/revisions"}],"wp:attachment":[{"href":"https:\/\/giec.blogs.uva.es\/index.php?rest_route=%2Fwp%2Fv2%2Fmedia&parent=1608"}],"curies":[{"name":"wp","href":"https:\/\/api.w.org\/{rel}","templated":true}]}}