{"id":1514,"date":"2015-06-04T09:55:29","date_gmt":"2015-06-04T09:55:29","guid":{"rendered":"http:\/\/giec.blogs.uva.es\/?page_id=1514"},"modified":"2015-12-02T11:31:57","modified_gmt":"2015-12-02T11:31:57","slug":"benedetta-parenti","status":"publish","type":"page","link":"https:\/\/giec.blogs.uva.es\/?page_id=1514","title":{"rendered":"Benedetta Parenti"},"content":{"rendered":"<h1 style=\"margin-top: 5px\"><img loading=\"lazy\" decoding=\"async\" class=\" wp-image-1537 alignright\" src=\"https:\/\/giec.blogs.uva.es\/files\/2015\/06\/316536_2490303451314_2012231527_n-300x200.jpg\" alt=\"316536_2490303451314_2012231527_n\" width=\"262\" height=\"174\" srcset=\"https:\/\/giec.blogs.uva.es\/files\/2015\/06\/316536_2490303451314_2012231527_n-300x200.jpg 300w, https:\/\/giec.blogs.uva.es\/files\/2015\/06\/316536_2490303451314_2012231527_n-250x167.jpg 250w, https:\/\/giec.blogs.uva.es\/files\/2015\/06\/316536_2490303451314_2012231527_n.jpg 960w\" sizes=\"auto, (max-width: 262px) 100vw, 262px\" \/><\/h1>\n<p><a href=\"https:\/\/giec.blogs.uva.es\/?page_id=968\" target=\"_self\">\u00ab Volver<\/a><\/p>\n<p>Alumna Doctorado en Econom\u00eda<\/p>\n<p style=\"line-height: 22px\">Departamento de Ciencias Sociales y Humanas<\/p>\n<p style=\"line-height: 22px\">Universidad L&#8217;Orientale<\/p>\n<p style=\"line-height: 22px\">Largo San Giovanni Maggiore 30, 80134 Napoli<\/p>\n<p class=\"telefono\" style=\"margin-bottom: 5px;line-height: 22px\">Tel\u00e9fono:\u00a0+39 3471744947<\/p>\n<p class=\"email\" style=\"margin-bottom: 5px;line-height: 22px\">Email:bparenti@unior.it<\/p>\n<p class=\"web\" style=\"margin-bottom: 5px;line-height: 22px\">Web: <a href=\"http:\/\/www.emp.uva.es\/giec\" target=\"_blank\">http:\/\/www.emp.uva.es\/giec<\/a><\/p>\n<p style=\"font-weight: bold;margin-bottom: 8px;line-height: 175%\">CV breve<\/p>\n<div style=\"background-color: #c5d3e2;width: 100%;height: 185px;overflow: auto;margin-bottom: 10px\">\n<p style=\"padding: 3px 15px 3px 15px\">Licenciada en Pol\u00edtica y Econom\u00eda de las Instituciones en la facultad de Ciencias Pol\u00edticas de la Universidad l&#8217;Orientale de N\u00e1poles, su inter\u00e9s se dirige hacia la econom\u00eda de la cultura. Dentro del doctorado de la Universidad l&#8217;Orientale es habitual en el M\u00e1ster de Econom\u00eda, en el \u00abCentro per l&#8217;Alta Formazione\u00bb di Portici. Ha publicado el art\u00edculo \u00abExplaining determinants of national Tentative Lists: an empirical study\u00bb en la revista Applied Economics Letters, junto con la professora Elina De Simone. Ha participado en varias conferencias internacionales:\u00a0\u00a0EAEPE 2014, European Association for Evolutionary Political Economy &#8211; University of Cyprus,\u00a0International Meeting\u00a0Dyses 2014 &#8211;\u00a0Dynamics of socio-economics System. Faculty of Tourism and Finance, University of Seville,\u00a0\u00a0First thematic Conference on \u201cthe Knowledge Commons\u201d &#8211;\u00a0IASC International Association for the Study of the Commons: \u201cGoverning pooled Resources: Building\u00a0Institutions for Sustainable Scientific, Cultural and Genetic Resources Commons\u201d. Universit\u00e9 catholique de\u00a0Louvain, Louvain-la-Neuve, Belgium.<\/p>\n<\/div>\n<p>[:gb]<\/p>\n<h1 style=\"margin-top: 5px\"><img loading=\"lazy\" decoding=\"async\" class=\" wp-image-1537 alignright\" src=\"https:\/\/giec.blogs.uva.es\/files\/2015\/06\/316536_2490303451314_2012231527_n-300x200.jpg\" alt=\"316536_2490303451314_2012231527_n\" width=\"263\" height=\"175\" srcset=\"https:\/\/giec.blogs.uva.es\/files\/2015\/06\/316536_2490303451314_2012231527_n-300x200.jpg 300w, https:\/\/giec.blogs.uva.es\/files\/2015\/06\/316536_2490303451314_2012231527_n-250x167.jpg 250w, https:\/\/giec.blogs.uva.es\/files\/2015\/06\/316536_2490303451314_2012231527_n.jpg 960w\" sizes=\"auto, (max-width: 263px) 100vw, 263px\" \/><\/h1>\n<p><a href=\"https:\/\/giec.blogs.uva.es\/?page_id=968\" target=\"_self\">\u00ab Return<\/a><\/p>\n<p>Phd student in Economics<\/p>\n<p style=\"line-height: 22px\">Department of Social and Human Sciences<\/p>\n<p style=\"line-height: 22px\">University L&#8217;Orientale<\/p>\n<p style=\"line-height: 22px\">Largo San Giovanni Maggiore 30, 80134 Napoli<\/p>\n<p class=\"telephone\" style=\"margin-bottom: 5px;line-height: 22px\">Telephone:\u00a0+39 3471744947<\/p>\n<p class=\"email\" style=\"margin-bottom: 5px;line-height: 22px\">Email:bparenti@unior.it<\/p>\n<p class=\"web\" style=\"margin-bottom: 5px;line-height: 22px\">Web: <a href=\"http:\/\/www.emp.uva.es\/giec\" target=\"_blank\">http:\/\/www.emp.uva.es\/giec<\/a><\/p>\n<p style=\"font-weight: bold;margin-bottom: 8px;line-height: 175%\">Short CV<\/p>\n<div style=\"background-color: #c5d3e2;width: 100%;height: 185px;overflow: auto;margin-bottom: 10px\">\n<p style=\"padding: 3px 15px 3px 15px\">Licenciada en Pol\u00edtica y Econom\u00eda de las Instituciones en la facultad de Ciencias Pol\u00edticas de la Universidad l&#8217;Orientale de N\u00e1poles, su inter\u00e9s se dirige hacia la econom\u00eda de la cultura. Dentro del doctorado de la Universidad l&#8217;Orientale es habitual en el M\u00e1ster de Econom\u00eda, en el \u00abCentro per l&#8217;Alta Formazione\u00bb di Portici. Ha publicado el art\u00edculo \u00abExplaining determinants of national Tentative Lists: an empirical study\u00bb en la revista Applied Economics Letters, junto con la professora Elina De Simone. Ha participado en varias conferencias internacionales:\u00a0\u00a0EAEPE 2014, European Association for Evolutionary Political Economy &#8211; University of Cyprus,\u00a0International Meeting\u00a0Dyses 2014 &#8211;\u00a0Dynamics of socio-economics System. Faculty of Tourism and Finance, University of Seville,\u00a0\u00a0First thematic Conference on \u201cthe Knowledge Commons\u201d &#8211;\u00a0IASC International Association for the Study of the Commons: \u201cGoverning pooled Resources: Building\u00a0Institutions for Sustainable Scientific, Cultural and Genetic Resources Commons\u201d. Universit\u00e9 catholique de\u00a0Louvain, Louvain-la-Neuve, Belgium.<\/p>\n<\/div>\n","protected":false},"excerpt":{"rendered":"<p>\u00ab Volver Alumna Doctorado en Econom\u00eda Departamento de Ciencias Sociales y Humanas Universidad L&#8217;Orientale Largo San Giovanni Maggiore 30, 80134 Napoli Tel\u00e9fono:\u00a0+39 3471744947 Email:bparenti@unior.it Web: http:\/\/www.emp.uva.es\/giec CV breve Licenciada en Pol\u00edtica y Econom\u00eda de las Instituciones en la facultad de Ciencias Pol\u00edticas de la Universidad l&#8217;Orientale de N\u00e1poles, su inter\u00e9s se dirige hacia la econom\u00eda [&hellip;]<\/p>\n","protected":false},"author":59,"featured_media":0,"parent":0,"menu_order":0,"comment_status":"closed","ping_status":"closed","template":"","meta":{"footnotes":""},"class_list":["post-1514","page","type-page","status-publish","hentry"],"_links":{"self":[{"href":"https:\/\/giec.blogs.uva.es\/index.php?rest_route=\/wp\/v2\/pages\/1514","targetHints":{"allow":["GET"]}}],"collection":[{"href":"https:\/\/giec.blogs.uva.es\/index.php?rest_route=\/wp\/v2\/pages"}],"about":[{"href":"https:\/\/giec.blogs.uva.es\/index.php?rest_route=\/wp\/v2\/types\/page"}],"author":[{"embeddable":true,"href":"https:\/\/giec.blogs.uva.es\/index.php?rest_route=\/wp\/v2\/users\/59"}],"replies":[{"embeddable":true,"href":"https:\/\/giec.blogs.uva.es\/index.php?rest_route=%2Fwp%2Fv2%2Fcomments&post=1514"}],"version-history":[{"count":0,"href":"https:\/\/giec.blogs.uva.es\/index.php?rest_route=\/wp\/v2\/pages\/1514\/revisions"}],"wp:attachment":[{"href":"https:\/\/giec.blogs.uva.es\/index.php?rest_route=%2Fwp%2Fv2%2Fmedia&parent=1514"}],"curies":[{"name":"wp","href":"https:\/\/api.w.org\/{rel}","templated":true}]}}