{"id":1076,"date":"2012-02-20T20:36:25","date_gmt":"2012-02-20T20:36:25","guid":{"rendered":"http:\/\/giec.blogs.uva.es\/?page_id=1076"},"modified":"2015-12-01T15:37:14","modified_gmt":"2015-12-01T15:37:14","slug":"victor-fernando-figueroa-arcila","status":"publish","type":"page","link":"https:\/\/giec.blogs.uva.es\/?page_id=1076","title":{"rendered":"V\u00edctor Fernando Figueroa Arcila"},"content":{"rendered":"<p>[:es]<\/p>\n<p style=\"font-size: 10px;margin-top: 0;padding-top: 0px\"><a href=\"https:\/\/giec.blogs.uva.es\/?page_id=968\" target=\"_self\">\u00ab Volver<\/a><\/p>\n<h1 style=\"margin-top: 5px\">V\u00edctor Fernando Figueroa Arcila<\/h1>\n<p><a href=\"https:\/\/giec.blogs.uva.es\/files\/2012\/02\/th_3fb9509614e620362a746ac0ed563885_fotovictorfigueroa.jpg\"><img loading=\"lazy\" decoding=\"async\" class=\"alignright size-full wp-image-1187\" src=\"https:\/\/giec.blogs.uva.es\/files\/2012\/02\/th_3fb9509614e620362a746ac0ed563885_fotovictorfigueroa.jpg\" alt=\"V\u00edctor Fernando Figueroa Arcila\" width=\"200\" height=\"256\" \/><\/a><\/p>\n<p style=\"font-style: normal\">Profesor Titular de Estad\u00edstica<\/p>\n<p style=\"line-height: 22px\">Instituto de Estad\u00edstica<\/p>\n<p style=\"line-height: 22px\">Universidad Austral de Chile<\/p>\n<p style=\"line-height: 22px\">Campus Isla Teja. Valdivia (Chile)<\/p>\n<p>&nbsp;<\/p>\n<p class=\"telefono\" style=\"margin-bottom: 5px;line-height: 22px\">Tel\u00e9fono: +56 63 221 281<\/p>\n<p class=\"fax\" style=\"margin-bottom: 5px;line-height: 22px\">Fax: +56 63 221 202<\/p>\n<p class=\"email\" style=\"margin-bottom: 5px;line-height: 22px\">Email: <a href=\"mailto:vfigueroa@uach.cl\">vfigueroa@uach.cl<\/a><\/p>\n<p class=\"web\" style=\"margin-bottom: 5px;line-height: 22px\">Web: <a href=\"http:\/\/www.emp.uva.es\/giec\" target=\"_blank\">http:\/\/www.emp.uva.es\/giec<\/a><\/p>\n<p class=\"web\" style=\"margin-bottom: 5px;line-height: 22px\">Docencia: <a href=\"http:\/\/www.economicas.uach.cl\/institutos\/estadistica\/\" target=\"_blank\"> Ver <\/a><\/p>\n<p style=\"font-weight: bold;margin-bottom: 8px;line-height: 175%\">CV breve<\/p>\n<div style=\"background-color: #c5d3e2;width: 100%;height: 185px;overflow: auto;margin-bottom: 10px\">\n<p style=\"padding: 3px 15px 3px 15px\">V\u00edctor Figueroa Arcila, Doctor en Econom\u00eda Aplicada y An\u00e1lisis Regional y Profesor de la Facultad de Ciencias Econ\u00f3micas y Administrativas de la Universidad Austral de Chile (Chile). Ha realizado estancia de investigaci\u00f3n en la Universidad de Valladolid (Espa\u00f1a) con beca del Proyecto Alfa de la Comunidad Europea. Ha sido director del Programa de Mag\u00edster en Econom\u00eda y Gesti\u00f3n Regional, y de la Escuela de Graduados de la Facultad de Ciencias Econ\u00f3micas y Administrativas de la Universidad Austral de Chile. En la actualidad es Director del Instituto de Estad\u00edstica de la Universidad Austral de Chile y miembro del Grupo de Investigaci\u00f3n Reconocido en Econom\u00eda de la Cultura de la Universidad de Valladolid. Sus investigaciones se centran en el campo Econom\u00eda Regional, el Desarrollo Econ\u00f3mico Regional, la Caracterizaci\u00f3n y medici\u00f3n del Desarrollo y la valoraci\u00f3n de bienes culturales.<\/p>\n<\/div>\n<p class=\"pdf\" style=\"padding-bottom: 2px;margin-bottom: 8px;line-height: 175%;font-weight: bold\"><a href=\"https:\/\/giec.blogs.uva.es\/files\/2012\/02\/VICTOR_FERNANDO_FIGUEROA_CV_ENGLISH.pdf\">Short CV<\/a><\/p>\n<p><strong>Publicaciones principales<\/strong><\/p>\n<div style=\"background-color: #c5d3e2;width: 100%;height: 150px;overflow: auto;margin-bottom: 15px\">\n<p style=\"padding: 5px 15px 0 15px\">Devesa, M., B\u00e1ez, A., Figueroa, V. y Herrero, L.C. (2012) \u201cRepercusiones econ\u00f3micas y sociales de los festivales culturales. El caso del Festival Internacional de Cine de Valdivia\u201d <em>EURE-Revista Latinoamericana de Estudios Urbano Regionales<\/em>, (en prensa)<\/p>\n<p class=\"pdf\" style=\"padding: 3px 15px 3px 20px\"><a href=\"https:\/\/giec.blogs.uva.es\/files\/2012\/03\/Investigaciones_Regionales_2010_Herrero_et_al.pdf\" target=\"_blank\">Herrero, L.C., Figueroa, V. y Sanz, J.A. (2010) \u00abDisparidades econ\u00f3micas sobre unidades territoriales menores: an\u00e1lisis de convergencia\u00bb,\u00a0 <em>Investigaciones Regionales<\/em>, 17, 93-124<\/a><\/p>\n<p class=\"pdf\" style=\"padding: 3px 15px 3px 20px\"><a href=\"https:\/\/giec.blogs.uva.es\/files\/2012\/03\/Investigaciones_Regionales_2003_Figueroa_et_al.pdf\" target=\"_blank\">Figueroa Arcila, V. y Herrero Prieto, L.C. (2003) \u00abAn\u00e1lisis de la convergencia econ\u00f3mica a trav\u00e9s de indicadores sint\u00e9ticos de desarrollo: aplicaci\u00f3n al caso de Chile\u00bb, <em>Investigaciones Regionales<\/em>, 3, 41-63,<\/a><\/p>\n<\/div>\n<p>[:gb]<\/p>\n<p style=\"font-size: 10px;margin-top: 0;padding-top: 0px\"><a href=\"https:\/\/giec.blogs.uva.es\/?page_id=968\" target=\"_self\">\u00ab Return<\/a><\/p>\n<h1 style=\"margin-top: 5px\">V\u00edctor Fernando Figueroa Arcila<\/h1>\n<p><a href=\"https:\/\/giec.blogs.uva.es\/files\/2012\/02\/th_3fb9509614e620362a746ac0ed563885_fotovictorfigueroa.jpg\"><img loading=\"lazy\" decoding=\"async\" class=\"alignright size-full wp-image-1187\" src=\"https:\/\/giec.blogs.uva.es\/files\/2012\/02\/th_3fb9509614e620362a746ac0ed563885_fotovictorfigueroa.jpg\" alt=\"V\u00edctor Fernando Figueroa Arcila\" width=\"200\" height=\"256\" \/><\/a><\/p>\n<p style=\"font-style: normal\">Titular Professor of Statistics<\/p>\n<p style=\"line-height: 22px\">Statistical Institute<\/p>\n<p style=\"line-height: 22px\">University Austral de Chile<\/p>\n<p style=\"line-height: 22px\">Campus Isla Teja. Valdivia (Chile)<\/p>\n<p>&nbsp;<\/p>\n<p class=\"telefone\" style=\"margin-bottom: 5px;line-height: 22px\">Telephone: +56 63 221 281<\/p>\n<p class=\"fax\" style=\"margin-bottom: 5px;line-height: 22px\">Fax: +56 63 221 202<\/p>\n<p class=\"email\" style=\"margin-bottom: 5px;line-height: 22px\">Email: <a href=\"mailto:vfigueroa@uach.cl\">vfigueroa@uach.cl<\/a><\/p>\n<p class=\"web\" style=\"margin-bottom: 5px;line-height: 22px\">Web: <a href=\"http:\/\/www.emp.uva.es\/giec\" target=\"_blank\">http:\/\/www.emp.uva.es\/giec<\/a><\/p>\n<p class=\"web\" style=\"margin-bottom: 5px;line-height: 22px\">Teaching: <a href=\"http:\/\/www.economicas.uach.cl\/institutos\/estadistica\/\" target=\"_blank\"> Show <\/a><\/p>\n<p style=\"font-weight: bold;margin-bottom: 8px;line-height: 175%\">Short CV <\/p>\n<div style=\"background-color: #c5d3e2;width: 100%;height: 185px;overflow: auto;margin-bottom: 10px\">\n<p style=\"padding: 3px 15px 3px 15px\">V\u00edctor Figueroa Arcila holds a PhD in Applied Economics and Regional Analysis<br \/>\nand is a professor in the Faculty of Economic and Administrative Science at the<br \/>\nUniversidad Austral de Chile (Southern University of Chile), where he was<br \/>\ndirector of the Master\u2019s Programme on Regional Economics and Management<br \/>\nand the Graduate School. He is currently director of the Institute of Statistics at<br \/>\nthe Universidad Austral de Chile and is a member of the Research Group in<br \/>\nCultural Economics at the University of Valladolid. His research interests focus<br \/>\non the field of regional economy, regional economic development,<br \/>\ncharacterising and measuring development, and valuation of cultural goods.<\/p>\n<\/div>\n<p class=\"pdf\" style=\"padding-bottom: 2px;margin-bottom: 8px;line-height: 175%;font-weight: bold\"><a href=\"https:\/\/giec.blogs.uva.es\/files\/2012\/02\/VICTOR_FERNANDO_FIGUEROA_CV_ENGLISH.pdf\">Short CV<\/a><\/p>\n<p><strong>Main Publications<\/strong><\/p>\n<div style=\"background-color: #c5d3e2;width: 100%;height: 150px;overflow: auto;margin-bottom: 15px\">\n<p style=\"padding: 5px 15px 0 15px\">Devesa, M., B\u00e1ez, A., Figueroa, V. y Herrero, L.C. (2012) \u201cRepercusiones econ\u00f3micas y sociales de los festivales culturales. El caso del Festival Internacional de Cine de Valdivia\u201d <em>EURE-Revista Latinoamericana de Estudios Urbano Regionales<\/em>, (en prensa)<\/p>\n<p class=\"pdf\" style=\"padding: 3px 15px 3px 20px\"><a href=\"https:\/\/giec.blogs.uva.es\/files\/2012\/03\/Investigaciones_Regionales_2010_Herrero_et_al.pdf\" target=\"_blank\">Herrero, L.C., Figueroa, V. y Sanz, J.A. (2010) \u00abDisparidades econ\u00f3micas sobre unidades territoriales menores: an\u00e1lisis de convergencia\u00bb,\u00a0 <em>Investigaciones Regionales<\/em>, 17, 93-124<\/a><\/p>\n<p class=\"pdf\" style=\"padding: 3px 15px 3px 20px\"><a href=\"https:\/\/giec.blogs.uva.es\/files\/2012\/03\/Investigaciones_Regionales_2003_Figueroa_et_al.pdf\" target=\"_blank\">Figueroa Arcila, V. y Herrero Prieto, L.C. (2003) \u00abAn\u00e1lisis de la convergencia econ\u00f3mica a trav\u00e9s de indicadores sint\u00e9ticos de desarrollo: aplicaci\u00f3n al caso de Chile\u00bb, <em>Investigaciones Regionales<\/em>, 3, 41-63,<\/a><\/p>\n<\/div>\n","protected":false},"excerpt":{"rendered":"<p>[:es] \u00ab Volver V\u00edctor Fernando Figueroa Arcila Profesor Titular de Estad\u00edstica Instituto de Estad\u00edstica Universidad Austral de Chile Campus Isla Teja. Valdivia (Chile) &nbsp; Tel\u00e9fono: +56 63 221 281 Fax: +56 63 221 202 Email: vfigueroa@uach.cl Web: http:\/\/www.emp.uva.es\/giec Docencia: Ver CV breve V\u00edctor Figueroa Arcila, Doctor en Econom\u00eda Aplicada y An\u00e1lisis Regional y Profesor de [&hellip;]<\/p>\n","protected":false},"author":59,"featured_media":0,"parent":0,"menu_order":0,"comment_status":"closed","ping_status":"closed","template":"","meta":{"footnotes":""},"class_list":["post-1076","page","type-page","status-publish","hentry"],"_links":{"self":[{"href":"https:\/\/giec.blogs.uva.es\/index.php?rest_route=\/wp\/v2\/pages\/1076","targetHints":{"allow":["GET"]}}],"collection":[{"href":"https:\/\/giec.blogs.uva.es\/index.php?rest_route=\/wp\/v2\/pages"}],"about":[{"href":"https:\/\/giec.blogs.uva.es\/index.php?rest_route=\/wp\/v2\/types\/page"}],"author":[{"embeddable":true,"href":"https:\/\/giec.blogs.uva.es\/index.php?rest_route=\/wp\/v2\/users\/59"}],"replies":[{"embeddable":true,"href":"https:\/\/giec.blogs.uva.es\/index.php?rest_route=%2Fwp%2Fv2%2Fcomments&post=1076"}],"version-history":[{"count":0,"href":"https:\/\/giec.blogs.uva.es\/index.php?rest_route=\/wp\/v2\/pages\/1076\/revisions"}],"wp:attachment":[{"href":"https:\/\/giec.blogs.uva.es\/index.php?rest_route=%2Fwp%2Fv2%2Fmedia&parent=1076"}],"curies":[{"name":"wp","href":"https:\/\/api.w.org\/{rel}","templated":true}]}}