{"id":1067,"date":"2012-02-20T20:34:32","date_gmt":"2012-02-20T20:34:32","guid":{"rendered":"http:\/\/giec.blogs.uva.es\/?page_id=1067"},"modified":"2019-07-08T10:15:24","modified_gmt":"2019-07-08T10:15:24","slug":"ana-bedate-centeno","status":"publish","type":"page","link":"https:\/\/giec.blogs.uva.es\/?page_id=1067","title":{"rendered":"Ana Bedate Centeno"},"content":{"rendered":"<p>[:es]<\/p>\n<p style=\"font-size: 10px;margin-top: 0;padding-top: 0px\"><a href=\"https:\/\/giec.blogs.uva.es\/?page_id=968\" target=\"_self\" rel=\"noopener noreferrer\">\u00ab Volver<\/a><\/p>\n<h1 style=\"margin-top: 5px\">Ana Bedate Centeno<\/h1>\n<p><a href=\"https:\/\/giec.blogs.uva.es\/files\/2012\/02\/th_3fb9509614e620362a746ac0ed563885_ana.jpg\"><img loading=\"lazy\" decoding=\"async\" class=\"size-full wp-image-1110 alignright\" src=\"https:\/\/giec.blogs.uva.es\/files\/2012\/02\/th_3fb9509614e620362a746ac0ed563885_ana.jpg\" alt=\"Ana Bedate Centeno\" width=\"200\" height=\"311\" srcset=\"https:\/\/giec.blogs.uva.es\/files\/2012\/02\/th_3fb9509614e620362a746ac0ed563885_ana.jpg 200w, https:\/\/giec.blogs.uva.es\/files\/2012\/02\/th_3fb9509614e620362a746ac0ed563885_ana-192x300.jpg 192w\" sizes=\"auto, (max-width: 200px) 100vw, 200px\" \/><\/a><\/p>\n<p style=\"font-style: normal\">Profesora Titular de Econom\u00eda Financiera y Contabilidad<\/p>\n<p style=\"line-height: 22px\">Facultad de Comercio<\/p>\n<p style=\"line-height: 22px\">Universidad de Valladolid<\/p>\n<p style=\"line-height: 22px\">Plaza del Campus Universitario, 1, 47011, Valladolid<\/p>\n<p class=\"telefono\" style=\"margin-bottom: 5px;line-height: 22px\">Tel\u00e9fono: 983 423 602<\/p>\n<p class=\"fax\" style=\"margin-bottom: 5px;line-height: 22px\">Fax: 983 423 056<\/p>\n<p class=\"email\" style=\"margin-bottom: 5px;line-height: 22px\">Email: <a href=\"mailto:ana@emp.uva.es\">ana@emp.uva.es<\/a><\/p>\n<p class=\"web\" style=\"margin-bottom: 5px;line-height: 22px\">Web: <a href=\"http:\/\/www.emp.uva.es\/giec\" target=\"_blank\" rel=\"noopener noreferrer\">http:\/\/www.emp.uva.es\/giec<\/a><\/p>\n<p class=\"web\" style=\"margin-bottom: 5px;line-height: 22px\">Docencia: <a href=\"http:\/\/www.uva.es\/cocoon_uva\/impe\/uva\/contenidoDinamico?funcion=ProfesorDetalle&amp;origen=centro&amp;dni_encrip=uvgkG5yPQy8tI&amp;idMenuDer=&amp;idCampus=3859&amp;idCentro=33230&amp;tamLetra=&amp;idMenus=93,3185\" target=\"_blank\" rel=\"noopener noreferrer\"> Ver <\/a><\/p>\n<p style=\"font-weight: bold;margin-bottom: 8px;line-height: 175%\">CV breve<\/p>\n<div style=\"background-color: #c5d3e2;width: 100%;height: 185px;overflow: auto;margin-bottom: 10px\">\n<p style=\"padding: 3px 15px 3px 15px\">Ana Bedate Centeno es Doctora en Econom\u00eda Aplicada y Licenciada en Ciencias Matem\u00e1ticas (Especialidad Estad\u00edstica) por la Universidad de Valladolid (Espa\u00f1a), donde es Profesora Titular de Universidad. Su investigaci\u00f3n principal se refiere a valoraci\u00f3n econ\u00f3mica de los bienes culturales y del patrimonio, econom\u00eda de los museos y estudio de indicadores culturales. Ha participado en diferentes proyectos de investigaci\u00f3n regionales y nacionales e imparte docencia en varios cursos de postgrado. Sus principales publicaciones se recogen en <em>Journal of Cultural Economics<\/em>, <em>Journal of Cultural Heritage<\/em>, <em>Journal of Applied Economics<\/em>, y <em>Journal of Environmental Planning and Management.<\/em><\/p>\n<\/div>\n<p class=\"pdf\" style=\"padding-bottom: 2px;margin-bottom: 8px;line-height: 175%;font-weight: bold\"><a href=\"https:\/\/giec.blogs.uva.es\/files\/2012\/02\/ANA_BEDATE_CENTENO_CV_ENGLISH1.pdf\">Short CV<\/a><\/p>\n<p><strong>Publicaciones principales<\/strong><\/p>\n<div style=\"background-color: #c5d3e2;width: 100%;height: 150px;overflow: auto;margin-bottom: 15px\">\n<p style=\"text-align: justify\">Sanz-Lara, J.A., Bedate-Centeno, A. and Dur\u00e1ntez-Vallejo, D. (2018). \u201cDetermining Some Factors of the Financial Situation in the European Union Publishing Sector\u201d. Review of Economic Perspectives. 18 &#8211; 1, pp. 25 &#8211; 43.<\/p>\n<p style=\"text-align: justify\">Bedate-Centeno, A., Sanz-Lara, J.A. and Dur\u00e1ntez-Vallejo, M. (2017). \u201cFinancial-Economic Profile of Firms in the European Publishing Industry\u201d. Estudios de Econom\u00eda Aplicada. 35 &#8211; 2, pp. 521 &#8211; 544.<\/p>\n<p style=\"text-align: justify\">B\u00e1ez-Montenegro, A., Bedate-Centeno, A., Sanz-Lara, J.A. and Herrero-Prieto, L.C. (2016). \u201cContingent valuation and motivation analysis of tourist routes: Application to the cultural heritage of Valdivia (Chile)\u201d. Tourism Economics. 22 &#8211; 3, pp. 558 &#8211; 571.<\/p>\n<p style=\"padding: 5px 15px 0 15px\">B\u00e1ez, A., Sanz, J.A., Bedate, A. y Herrero, L.C. (2012) \u201cSocioeconomic Segmentation Analysis of Inhabitants\u2019 WTP in a Historical City Using Contingent Valuation: A Case Study in Valdivia (Chile)\u201d, <em>Journal of Applied Economics<\/em>, (aceptado Agosto 2011. )<\/p>\n<p class=\"pdf\" style=\"padding: 5px 15px 0 15px\"><a href=\"https:\/\/giec.blogs.uva.es\/files\/2012\/03\/Article_JEPM_2012_Bedate_et_al.pdf\" target=\"_blank\" rel=\"noopener noreferrer\"><br \/>\nBedate, A., Herrero, L.C.\u00a0 y Sanz, J.A. (2012) \u00abEx Ante and Ex Post Valuations of a Cultural Good: Are Preferences or Expectations Changing?\u00bb, <em>Journal of Environmental Planning and Management, <\/em>(aceptado abril 2011)<\/a><\/p>\n<p class=\"pdf\" style=\"padding: 3px 15px 3px 20px\"><a href=\"https:\/\/giec.blogs.uva.es\/files\/2012\/02\/ijtr2012proofse.viewonline.pdf\" target=\"_blank\" rel=\"noopener noreferrer\">Herrero, L.C., Sanz, J.A. Bedate, A. y Barrio, M.J (2012) \u201cWho Pays More for a Cultural Festival, Tourists or Locals? A Certainty Analysis of a Contingent Valuation Application\u201d, <em>International Journal of Tourism Research<\/em>, (acept. Nov. 2011. DOI: 10.1002\/jtr.1860)<\/a><\/p>\n<p class=\"pdf\" style=\"padding: 3px 15px 3px 20px\"><a href=\"https:\/\/giec.blogs.uva.es\/files\/2012\/02\/jce2009.pdf\" target=\"_blank\" rel=\"noopener noreferrer\">Bedate, A M.\u00a0 Herrero, L C y Sanz, J A (2009) Economic valuation of a contemporary art museum: correction of hypothetical bias using a certainty question. <em>Journal of Cultural Economics<\/em> 33(3), 185-199.<\/a><\/p>\n<p style=\"padding: 5px 15px 0 15px\">Herrero Prieto, L.C., Sanz Lara, J.A., Bedate Centeno, A., Devesa Fern\u00e1ndez, M. y Barrio Tellado, M.J. del (2007) \u201cEconomic Impact and Social Performance of Cultural Macrofestivals\u201d, in: Greg Fichards (Ed.) <em>Cultural Tourism. Global and Local Perspectives<\/em>, The Haworth Press, New York<\/p>\n<p class=\"pdf\" style=\"padding: 3px 15px 3px 20px\"><a href=\"https:\/\/giec.blogs.uva.es\/files\/2012\/02\/eurs2006.pdf\" target=\"_blank\" rel=\"noopener noreferrer\">Herrero Prieto, L.C., Sanz Lara, J.A., Bedate Centeno, A., Devesa Fern\u00e1ndez, M. y Barrio Tellado, M.J. del (2006) \u201cThe Economic Impact of Cultural Events: a Case-Study of Salamanca 2002, European Capital of Culture\u201d, <em>European Urban and Regional Studies,<\/em> 13(1), 41-57.<\/a><\/p>\n<p class=\"pdf\" style=\"padding: 3px 15px 3px 20px\"><a href=\"https:\/\/giec.blogs.uva.es\/files\/2012\/03\/jch2004publicaci\u00f3n.pdf\" target=\"_blank\" rel=\"noopener noreferrer\">Bedate Centeno, A., Herrero Prieto, L.C. y Sanz Lara, J.A. (2004): \u201cEconomics Valuation of the Cultural Heritage. Application to four case studies in Spain\u201d, <em>Journal of Cultural Heritage,<\/em> 5(1), 101-111.<\/a><\/p>\n<p style=\"padding: 5px 15px 0 15px\">Herrero, L.C., Sanz, J.A., Bedate, A., Devesa, M. y Del Barrio, M.J. (2004). <em>Turismo Cultural e Impacto Econ\u00f3mico de Salamanca 2002, Ciudad Europea de la Cultura<\/em>. Madrid: Civitas.<\/p>\n<p class=\"pdf\" style=\"padding: 3px 15px 3px 20px\"><a href=\"https:\/\/giec.blogs.uva.es\/files\/2012\/02\/jce2003.pdf\" target=\"_blank\" rel=\"noopener noreferrer\">Sanz, J A Herrero, L C &amp; Bedate, A M (2003) \u201cContingent Valuation and Semiparametric Methods. A Case Study of the National Museum of Sculpture in Valladolid, Spain\u201d <em>Journal of Cultural Economics<\/em> 27(3-4), 241-257.<\/a><\/p>\n<p style=\"padding: 5px 15px 0 15px\">Bedate, A M., Sanz, J. A. y Herrero, L. C. (2001) \u201cTurismo cultural y patrimonio hist\u00f3rico: aplicaci\u00f3n multivariante al estudio de la demanda\u201d, <em>Estudios Tur\u00edsticos<\/em>, 150, 113-132<\/p>\n<\/div>\n<p class=\"pdf\" style=\"padding-bottom: 2px;margin-bottom: 8px;line-height: 175%;font-weight: bold\"><a href=\"https:\/\/drive.google.com\/file\/d\/1BgXR6Z0ZBRmaKejIFdec0z7xf90ViXqz\/view\"><strong>CV Normalizado<\/strong><\/a><\/p>\n<p>[:gb]<\/p>\n<p style=\"font-size: 10px;margin-top: 0;padding-top: 0px\"><a href=\"https:\/\/giec.blogs.uva.es\/?page_id=968\" target=\"_self\" rel=\"noopener noreferrer\">\u00ab Return<\/a><\/p>\n<h1 style=\"margin-top: 5px\">Ana Bedate Centeno<\/h1>\n<p><a href=\"https:\/\/giec.blogs.uva.es\/files\/2012\/02\/th_3fb9509614e620362a746ac0ed563885_ana.jpg\"><img loading=\"lazy\" decoding=\"async\" class=\"size-full wp-image-1110 alignright\" src=\"https:\/\/giec.blogs.uva.es\/files\/2012\/02\/th_3fb9509614e620362a746ac0ed563885_ana.jpg\" alt=\"Ana Bedate Centeno\" width=\"200\" height=\"311\" srcset=\"https:\/\/giec.blogs.uva.es\/files\/2012\/02\/th_3fb9509614e620362a746ac0ed563885_ana.jpg 200w, https:\/\/giec.blogs.uva.es\/files\/2012\/02\/th_3fb9509614e620362a746ac0ed563885_ana-192x300.jpg 192w\" sizes=\"auto, (max-width: 200px) 100vw, 200px\" \/><\/a><\/p>\n<p style=\"font-style: normal\">Titular Professor of Financial Economics and Accounting<\/p>\n<p style=\"line-height: 22px\">Faculty of Business<\/p>\n<p style=\"line-height: 22px\">University of Valladolid<\/p>\n<p style=\"line-height: 22px\">Plaza del Campus Universitario, 1, 47011, Valladolid<\/p>\n<p class=\"telephone\" style=\"margin-bottom: 5px;line-height: 22px\">Telephone: 983 423 602<\/p>\n<p class=\"fax\" style=\"margin-bottom: 5px;line-height: 22px\">Fax: 983 423 056<\/p>\n<p class=\"email\" style=\"margin-bottom: 5px;line-height: 22px\">Email: <a href=\"mailto:ana@emp.uva.es\">ana@emp.uva.es<\/a><\/p>\n<p class=\"web\" style=\"margin-bottom: 5px;line-height: 22px\">Web: <a href=\"http:\/\/www.emp.uva.es\/giec\" target=\"_blank\" rel=\"noopener noreferrer\">http:\/\/www.emp.uva.es\/giec<\/a><\/p>\n<p class=\"web\" style=\"margin-bottom: 5px;line-height: 22px\">Teaching: <a href=\"http:\/\/www.uva.es\/cocoon_uva\/impe\/uva\/contenidoDinamico?funcion=ProfesorDetalle&amp;origen=centro&amp;dni_encrip=uvgkG5yPQy8tI&amp;idMenuDer=&amp;idCampus=3859&amp;idCentro=33230&amp;tamLetra=&amp;idMenus=93,3185\" target=\"_blank\" rel=\"noopener noreferrer\"> Show <\/a><\/p>\n<p style=\"font-weight: bold;margin-bottom: 8px;line-height: 175%\">Short CV<\/p>\n<div style=\"background-color: #c5d3e2;width: 100%;height: 185px;overflow: auto;margin-bottom: 10px\">\n<p style=\"padding: 3px 15px 3px 15px\">Ana Bedate Centeno holds a PhD in Applied Economics and is associate<br \/>\nprofessor of statistics at the University of Valladolid (Spain). Her main research<br \/>\nconcerns the economic valuation of cultural goods and heritage and economy of<br \/>\nmuseums. She has taken part in different regional and national research<br \/>\nprojects and she usually participates in several post-graduate courses. Her main<br \/>\npublications are in the Journal of Cultural Economics, Journal of Cultural<br \/>\nHeritage, Journal of Applied Economics, and Journal of Environmental Planning<br \/>\nand Management<\/p>\n<\/div>\n<p class=\"pdf\" style=\"padding-bottom: 2px;margin-bottom: 8px;line-height: 175%;font-weight: bold\"><a href=\"https:\/\/giec.blogs.uva.es\/files\/2012\/02\/ANA_BEDATE_CENTENO_CV_ENGLISH1.pdf\">Short CV<\/a><\/p>\n<p><strong>Publicaciones principales<\/strong><\/p>\n<div style=\"background-color: #c5d3e2;width: 100%;height: 150px;overflow: auto;margin-bottom: 15px\">\n<p style=\"padding: 5px 15px 0 15px\">B\u00e1ez, A., Sanz, J.A., Bedate, A. y Herrero, L.C. (2012) \u201cSocioeconomic Segmentation Analysis of Inhabitants\u2019 WTP in a Historical City Using Contingent Valuation: A Case Study in Valdivia (Chile)\u201d, <em>Journal of Applied Economics<\/em>, (aceptado Agosto 2011. )<\/p>\n<p class=\"pdf\" style=\"padding: 5px 15px 0 15px\"><a href=\"https:\/\/giec.blogs.uva.es\/files\/2012\/03\/Article_JEPM_2012_Bedate_et_al.pdf\" target=\"_blank\" rel=\"noopener noreferrer\"><br \/>\nBedate, A., Herrero, L.C.\u00a0 y Sanz, J.A. (2012) \u00abEx Ante and Ex Post Valuations of a Cultural Good: Are Preferences or Expectations Changing?\u00bb, <em>Journal of Environmental Planning and Management, <\/em>(aceptado abril 2011)<\/a><\/p>\n<p class=\"pdf\" style=\"padding: 3px 15px 3px 20px\"><a href=\"https:\/\/giec.blogs.uva.es\/files\/2012\/02\/ijtr2012proofse.viewonline.pdf\" target=\"_blank\" rel=\"noopener noreferrer\">Herrero, L.C., Sanz, J.A. Bedate, A. y Barrio, M.J (2012) \u201cWho Pays More for a Cultural Festival, Tourists or Locals? A Certainty Analysis of a Contingent Valuation Application\u201d, <em>International Journal of Tourism Research<\/em>, (acept. Nov. 2011. DOI: 10.1002\/jtr.1860)<\/a><\/p>\n<p class=\"pdf\" style=\"padding: 3px 15px 3px 20px\"><a href=\"https:\/\/giec.blogs.uva.es\/files\/2012\/02\/jce2009.pdf\" target=\"_blank\" rel=\"noopener noreferrer\">Bedate, A M.\u00a0 Herrero, L C y Sanz, J A (2009) Economic valuation of a contemporary art museum: correction of hypothetical bias using a certainty question. <em>Journal of Cultural Economics<\/em> 33(3), 185-199.<\/a><\/p>\n<p style=\"padding: 5px 15px 0 15px\">Herrero Prieto, L.C., Sanz Lara, J.A., Bedate Centeno, A., Devesa Fern\u00e1ndez, M. y Barrio Tellado, M.J. del (2007) \u201cEconomic Impact and Social Performance of Cultural Macrofestivals\u201d, in: Greg Fichards (Ed.) <em>Cultural Tourism. Global and Local Perspectives<\/em>, The Haworth Press, New York<\/p>\n<p class=\"pdf\" style=\"padding: 3px 15px 3px 20px\"><a href=\"https:\/\/giec.blogs.uva.es\/files\/2012\/02\/eurs2006.pdf\" target=\"_blank\" rel=\"noopener noreferrer\">Herrero Prieto, L.C., Sanz Lara, J.A., Bedate Centeno, A., Devesa Fern\u00e1ndez, M. y Barrio Tellado, M.J. del (2006) \u201cThe Economic Impact of Cultural Events: a Case-Study of Salamanca 2002, European Capital of Culture\u201d, <em>European Urban and Regional Studies,<\/em> 13(1), 41-57.<\/a><\/p>\n<p class=\"pdf\" style=\"padding: 3px 15px 3px 20px\"><a href=\"https:\/\/giec.blogs.uva.es\/files\/2012\/03\/jch2004publicaci\u00f3n.pdf\" target=\"_blank\" rel=\"noopener noreferrer\">Bedate Centeno, A., Herrero Prieto, L.C. y Sanz Lara, J.A. (2004): \u201cEconomics Valuation of the Cultural Heritage. Application to four case studies in Spain\u201d, <em>Journal of Cultural Heritage,<\/em> 5(1), 101-111.<\/a><\/p>\n<p style=\"padding: 5px 15px 0 15px\">Herrero, L.C., Sanz, J.A., Bedate, A., Devesa, M. y Del Barrio, M.J. (2004). <em>Turismo Cultural e Impacto Econ\u00f3mico de Salamanca 2002, Ciudad Europea de la Cultura<\/em>. Madrid: Civitas.<\/p>\n<p class=\"pdf\" style=\"padding: 3px 15px 3px 20px\"><a href=\"https:\/\/giec.blogs.uva.es\/files\/2012\/02\/jce2003.pdf\" target=\"_blank\" rel=\"noopener noreferrer\">Sanz, J A Herrero, L C &amp; Bedate, A M (2003) \u201cContingent Valuation and Semiparametric Methods. A Case Study of the National Museum of Sculpture in Valladolid, Spain\u201d <em>Journal of Cultural Economics<\/em> 27(3-4), 241-257.<\/a><\/p>\n<p style=\"padding: 5px 15px 0 15px\">Bedate, A M., Sanz, J. A. y Herrero, L. C. (2001) \u201cTurismo cultural y patrimonio hist\u00f3rico: aplicaci\u00f3n multivariante al estudio de la demanda\u201d, <em>Estudios Tur\u00edsticos<\/em>, 150, 113-132<\/p>\n<\/div>\n<p class=\"pdf\" style=\"padding-bottom: 2px;margin-bottom: 8px;line-height: 175%;font-weight: bold\"><a href=\"https:\/\/drive.google.com\/file\/d\/1BgXR6Z0ZBRmaKejIFdec0z7xf90ViXqz\/view\"><strong>CV Standardized<\/strong><\/a><\/p>\n","protected":false},"excerpt":{"rendered":"<p>[:es] \u00ab Volver Ana Bedate Centeno Profesora Titular de Econom\u00eda Financiera y Contabilidad Facultad de Comercio Universidad de Valladolid Plaza del Campus Universitario, 1, 47011, Valladolid Tel\u00e9fono: 983 423 602 Fax: 983 423 056 Email: ana@emp.uva.es Web: http:\/\/www.emp.uva.es\/giec Docencia: Ver CV breve Ana Bedate Centeno es Doctora en Econom\u00eda Aplicada y Licenciada en Ciencias Matem\u00e1ticas [&hellip;]<\/p>\n","protected":false},"author":59,"featured_media":0,"parent":0,"menu_order":0,"comment_status":"closed","ping_status":"closed","template":"","meta":{"footnotes":""},"class_list":["post-1067","page","type-page","status-publish","hentry"],"_links":{"self":[{"href":"https:\/\/giec.blogs.uva.es\/index.php?rest_route=\/wp\/v2\/pages\/1067","targetHints":{"allow":["GET"]}}],"collection":[{"href":"https:\/\/giec.blogs.uva.es\/index.php?rest_route=\/wp\/v2\/pages"}],"about":[{"href":"https:\/\/giec.blogs.uva.es\/index.php?rest_route=\/wp\/v2\/types\/page"}],"author":[{"embeddable":true,"href":"https:\/\/giec.blogs.uva.es\/index.php?rest_route=\/wp\/v2\/users\/59"}],"replies":[{"embeddable":true,"href":"https:\/\/giec.blogs.uva.es\/index.php?rest_route=%2Fwp%2Fv2%2Fcomments&post=1067"}],"version-history":[{"count":0,"href":"https:\/\/giec.blogs.uva.es\/index.php?rest_route=\/wp\/v2\/pages\/1067\/revisions"}],"wp:attachment":[{"href":"https:\/\/giec.blogs.uva.es\/index.php?rest_route=%2Fwp%2Fv2%2Fmedia&parent=1067"}],"curies":[{"name":"wp","href":"https:\/\/api.w.org\/{rel}","templated":true}]}}