{"id":1065,"date":"2012-02-20T20:35:56","date_gmt":"2012-02-20T20:35:56","guid":{"rendered":"http:\/\/giec.blogs.uva.es\/?page_id=1065"},"modified":"2015-12-01T15:34:14","modified_gmt":"2015-12-01T15:34:14","slug":"liliana-andrea-baez-montenegro","status":"publish","type":"page","link":"https:\/\/giec.blogs.uva.es\/?page_id=1065","title":{"rendered":"Liliana Andrea B\u00e1ez Montenegro"},"content":{"rendered":"<p>[:es]<\/p>\n<p style=\"font-size: 10px;margin-top: 0;padding-top: 0px\"><a href=\"https:\/\/giec.blogs.uva.es\/?page_id=968\" target=\"_self\">\u00ab Volver<\/a><\/p>\n<h1 style=\"margin-top: 5px\">Liliana Andrea B\u00e1ez Montenegro<\/h1>\n<p><a href=\"https:\/\/giec.blogs.uva.es\/files\/2012\/02\/th_3fb9509614e620362a746ac0ed563885_andrea.jpg\"><img loading=\"lazy\" decoding=\"async\" class=\"alignright size-full wp-image-1183\" src=\"https:\/\/giec.blogs.uva.es\/files\/2012\/02\/th_3fb9509614e620362a746ac0ed563885_andrea.jpg\" alt=\"Liliana Andrea B\u00e1ez Montenegro\" width=\"200\" height=\"290\" \/><\/a><\/p>\n<p style=\"font-style: normal\">Profesora Titular de Estad\u00edstica<\/p>\n<p style=\"line-height: 22px\">Instituto de Estad\u00edstica<\/p>\n<p style=\"line-height: 22px\">Universidad Austral de Chile<\/p>\n<p style=\"line-height: 22px\">Campus Isla Teja. Valdivia (Chile)<\/p>\n<p>&nbsp;<\/p>\n<p class=\"telefono\" style=\"margin-bottom: 5px;line-height: 22px\">Tel\u00e9fono: +56 63 293 227<\/p>\n<p class=\"fax\" style=\"margin-bottom: 5px;line-height: 22px\">Fax: +56 63 221 202<\/p>\n<p class=\"email\" style=\"margin-bottom: 5px;line-height: 22px\">Email: <a href=\"mailto:abaez@uach.cl\">abaez@uach.cl<\/a><\/p>\n<p class=\"web\" style=\"margin-bottom: 5px;line-height: 22px\">Web: <a href=\"http:\/\/www.emp.uva.es\/giec\" target=\"_blank\">http:\/\/www.emp.uva.es\/giec<\/a><\/p>\n<p class=\"web\" style=\"margin-bottom: 5px;line-height: 22px\">Docencia: <a href=\"http:\/\/www.economicas.uach.cl\/institutos\/estadistica\/\" target=\"_blank\"> Ver <\/a><\/p>\n<p style=\"font-weight: bold;margin-bottom: 8px;line-height: 175%\">CV breve<\/p>\n<div style=\"background-color: #c5d3e2;width: 100%;height: 185px;overflow: auto;margin-bottom: 10px\">\n<p style=\"padding: 3px 15px 3px 15px\">Liliana Andrea B\u00e1ez Montenegro, Doctora en Econom\u00eda Aplicada de la Universidad de Valladolid, profesora auxiliar del Instituto de Estad\u00edstica de la Facultad de Ciencias Econ\u00f3micas y Administrativas de la Universidad Austral de Chile. Ha participado en diversos proyectos relacionados con la valoraci\u00f3n econ\u00f3mica del patrimonio hist\u00f3rico-cultural, as\u00ed como en estudios de impacto, investigaciones realizadas primordialmente en la zona sur de Chile. Ha publicado en revistas indexadas como <em>Journal of Environmental Planning and Management<\/em>; <em>Journal of Cultural Heritage<\/em> y <em>Reseach on Economic Inequality<\/em>. Ha realizado estancias cortas en la Universidad de Nayarit (M\u00e9xico) y en la Universidad de Valladolid (Espa\u00f1a). Pertenece al Grupo de Investigaci\u00f3n Reconocido en Econom\u00eda de la Cultura de la Universidad de Valladolid.<\/p>\n<\/div>\n<p class=\"pdf\" style=\"padding-bottom: 2px;margin-bottom: 8px;line-height: 175%;font-weight: bold\"><a href=\"https:\/\/giec.blogs.uva.es\/files\/2012\/02\/LILIANA_ANDREA_BAEZ_CV_ENGLISH1.pdf\">Short CV<\/a><\/p>\n<p><strong>Publicaciones principales<\/strong><\/p>\n<div style=\"background-color: #c5d3e2;width: 100%;height: 150px;overflow: auto;margin-bottom: 15px\">\n<p class=\"pdf\" style=\"padding: 3px 15px 3px 20px\"><a href=\"https:\/\/giec.blogs.uva.es\/files\/2012\/02\/jch2012inpress.pdf\" target=\"_blank\">B\u00e1ez, A. y Herrero, L.C. (2012) \u201cUsing Contingent Valuation and Cost Benefit Analysis to Design a Policy for Restoring Cultural Heritage\u201d, <em>Journal of Cultural Heritage.<\/em><\/a><\/p>\n<p style=\"padding: 5px 15px 0 15px\">B\u00e1ez, A., Sanz, J.A., Bedate, A. y Herrero, L.C. (2012) \u201cSocioeconomic Segmentation Analysis of Inhabitants\u2019 WTP in a Historical City Using Contingent Valuation: A Case Study in Valdivia (Chile)\u201d, <em>Journal of Applied Economics<\/em>, (aceptado Agosto 2011. )<\/p>\n<p style=\"padding: 5px 15px 0 15px\">Devesa, M., B\u00e1ez, A., Figueroa, V. y Herrero, L.C. (2012) \u201cRepercusiones econ\u00f3micas y sociales de los festivales culturales. El caso del Festival Internacional de Cine de Valdivia\u201d <em>EURE-Revista Latinoamericana de Estudios Urbano Regionales<\/em>, (en prensa)<\/p>\n<p class=\"pdf\" style=\"padding: 3px 15px 3px 20px\"><a href=\"https:\/\/giec.blogs.uva.es\/files\/2012\/02\/jepm2009.pdf\" target=\"_blank\">B\u00e1ez Montenegro, A., Niklitschek Huaquin, M. y Herrero Prieto, L. C. (2009) \u201cThe Valuation of Historical Sites: a Case Study of Valdivia, Chile\u201d, <em>Journal of Environmental Planning and Management<\/em><em>, <\/em>52(1), 97-109.<\/a><\/p>\n<\/div>\n<p>[:gb]<\/p>\n<p style=\"font-size: 10px;margin-top: 0;padding-top: 0px\"><a href=\"https:\/\/giec.blogs.uva.es\/?page_id=968\" target=\"_self\">\u00abReturn<\/a><\/p>\n<h1 style=\"margin-top: 5px\">Liliana Andrea B\u00e1ez Montenegro<\/h1>\n<p><a href=\"https:\/\/giec.blogs.uva.es\/files\/2012\/02\/th_3fb9509614e620362a746ac0ed563885_andrea.jpg\"><img loading=\"lazy\" decoding=\"async\" class=\"alignright size-full wp-image-1183\" src=\"https:\/\/giec.blogs.uva.es\/files\/2012\/02\/th_3fb9509614e620362a746ac0ed563885_andrea.jpg\" alt=\"Liliana Andrea B\u00e1ez Montenegro\" width=\"200\" height=\"290\" \/><\/a><\/p>\n<p style=\"font-style: normal\">Titular Professor of Statistics<\/p>\n<p style=\"line-height: 22px\">Institute of Statistics<\/p>\n<p style=\"line-height: 22px\">University Austral de Chile<\/p>\n<p style=\"line-height: 22px\">Campus Isla Teja. Valdivia (Chile)<\/p>\n<p>&nbsp;<\/p>\n<p class=\"telephone\" style=\"margin-bottom: 5px;line-height: 22px\">Telephone: +56 63 293 227<\/p>\n<p class=\"fax\" style=\"margin-bottom: 5px;line-height: 22px\">Fax: +56 63 221 202<\/p>\n<p class=\"email\" style=\"margin-bottom: 5px;line-height: 22px\">Email: <a href=\"mailto:abaez@uach.cl\">abaez@uach.cl<\/a><\/p>\n<p class=\"web\" style=\"margin-bottom: 5px;line-height: 22px\">Web: <a href=\"http:\/\/www.emp.uva.es\/giec\" target=\"_blank\">http:\/\/www.emp.uva.es\/giec<\/a><\/p>\n<p class=\"web\" style=\"margin-bottom: 5px;line-height: 22px\">Teaching: <a href=\"http:\/\/www.economicas.uach.cl\/institutos\/estadistica\/\" target=\"_blank\"> Show <\/a><\/p>\n<p style=\"font-weight: bold;margin-bottom: 8px;line-height: 175%\">ShortCV <\/p>\n<div style=\"background-color: #c5d3e2;width: 100%;height: 185px;overflow: auto;margin-bottom: 10px\">\n<p style=\"padding: 3px 15px 3px 15px\">Liliana Andrea B\u00e1ez Montenegro holds a PhD in Applied Economics from the<br \/>\nUniversity of Valladolid and is currently assistant professor at the Institute of<br \/>\nStatistics in the Faculty of Economic and Administrative Science at the<br \/>\nUniversidad Austral de Chile (Southern University of Chile). She has been<br \/>\ninvolved in various projects related to the economic valuation of historicalcultural<br \/>\nheritage and impact studies. She has published in indexed journals such<br \/>\nas the Journal of Environmental Planning and Management; Journal of Cultural<br \/>\nHeritage and Research on Economic Inequality.<\/p>\n<\/div>\n<p class=\"pdf\" style=\"padding-bottom: 2px;margin-bottom: 8px;line-height: 175%;font-weight: bold\"><a href=\"https:\/\/giec.blogs.uva.es\/files\/2012\/02\/LILIANA_ANDREA_BAEZ_CV_ENGLISH1.pdf\">Short CV<\/a><\/p>\n<p><strong>Main Publications<\/strong><\/p>\n<div style=\"background-color: #c5d3e2;width: 100%;height: 150px;overflow: auto;margin-bottom: 15px\">\n<p class=\"pdf\" style=\"padding: 3px 15px 3px 20px\"><a href=\"https:\/\/giec.blogs.uva.es\/files\/2012\/02\/jch2012inpress.pdf\" target=\"_blank\">B\u00e1ez, A. y Herrero, L.C. (2012) \u201cUsing Contingent Valuation and Cost Benefit Analysis to Design a Policy for Restoring Cultural Heritage\u201d, <em>Journal of Cultural Heritage.<\/em><\/a><\/p>\n<p style=\"padding: 5px 15px 0 15px\">B\u00e1ez, A., Sanz, J.A., Bedate, A. y Herrero, L.C. (2012) \u201cSocioeconomic Segmentation Analysis of Inhabitants\u2019 WTP in a Historical City Using Contingent Valuation: A Case Study in Valdivia (Chile)\u201d, <em>Journal of Applied Economics<\/em>, (aceptado Agosto 2011. )<\/p>\n<p style=\"padding: 5px 15px 0 15px\">Devesa, M., B\u00e1ez, A., Figueroa, V. y Herrero, L.C. (2012) \u201cRepercusiones econ\u00f3micas y sociales de los festivales culturales. El caso del Festival Internacional de Cine de Valdivia\u201d <em>EURE-Revista Latinoamericana de Estudios Urbano Regionales<\/em>, (en prensa)<\/p>\n<p class=\"pdf\" style=\"padding: 3px 15px 3px 20px\"><a href=\"https:\/\/giec.blogs.uva.es\/files\/2012\/02\/jepm2009.pdf\" target=\"_blank\">B\u00e1ez Montenegro, A., Niklitschek Huaquin, M. y Herrero Prieto, L. C. (2009) \u201cThe Valuation of Historical Sites: a Case Study of Valdivia, Chile\u201d, <em>Journal of Environmental Planning and Management<\/em><em>, <\/em>52(1), 97-109.<\/a><\/p>\n<\/div>\n","protected":false},"excerpt":{"rendered":"<p>[:es] \u00ab Volver Liliana Andrea B\u00e1ez Montenegro Profesora Titular de Estad\u00edstica Instituto de Estad\u00edstica Universidad Austral de Chile Campus Isla Teja. Valdivia (Chile) &nbsp; Tel\u00e9fono: +56 63 293 227 Fax: +56 63 221 202 Email: abaez@uach.cl Web: http:\/\/www.emp.uva.es\/giec Docencia: Ver CV breve Liliana Andrea B\u00e1ez Montenegro, Doctora en Econom\u00eda Aplicada de la Universidad de Valladolid, [&hellip;]<\/p>\n","protected":false},"author":59,"featured_media":0,"parent":0,"menu_order":0,"comment_status":"closed","ping_status":"closed","template":"","meta":{"footnotes":""},"class_list":["post-1065","page","type-page","status-publish","hentry"],"_links":{"self":[{"href":"https:\/\/giec.blogs.uva.es\/index.php?rest_route=\/wp\/v2\/pages\/1065","targetHints":{"allow":["GET"]}}],"collection":[{"href":"https:\/\/giec.blogs.uva.es\/index.php?rest_route=\/wp\/v2\/pages"}],"about":[{"href":"https:\/\/giec.blogs.uva.es\/index.php?rest_route=\/wp\/v2\/types\/page"}],"author":[{"embeddable":true,"href":"https:\/\/giec.blogs.uva.es\/index.php?rest_route=\/wp\/v2\/users\/59"}],"replies":[{"embeddable":true,"href":"https:\/\/giec.blogs.uva.es\/index.php?rest_route=%2Fwp%2Fv2%2Fcomments&post=1065"}],"version-history":[{"count":0,"href":"https:\/\/giec.blogs.uva.es\/index.php?rest_route=\/wp\/v2\/pages\/1065\/revisions"}],"wp:attachment":[{"href":"https:\/\/giec.blogs.uva.es\/index.php?rest_route=%2Fwp%2Fv2%2Fmedia&parent=1065"}],"curies":[{"name":"wp","href":"https:\/\/api.w.org\/{rel}","templated":true}]}}