{"id":1047,"date":"2012-02-20T20:06:47","date_gmt":"2012-02-20T20:06:47","guid":{"rendered":"http:\/\/giec.blogs.uva.es\/?page_id=1047"},"modified":"2015-12-02T14:25:23","modified_gmt":"2015-12-02T14:25:23","slug":"inicio-giec","status":"publish","type":"page","link":"https:\/\/giec.blogs.uva.es\/","title":{"rendered":"HOME"},"content":{"rendered":"<p>[:es]<\/p>\n<div style=\"margin: 0 auto auto auto;text-align: center;height: 480px;width: 100%;background-color: #f9fafb\">\n<p><img loading=\"lazy\" decoding=\"async\" class=\"aligncenter size-full wp-image-1055\" src=\"https:\/\/giec.blogs.uva.es\/files\/2012\/02\/Escudo-central3.png\" alt=\"Escudo central UVa\" width=\"415\" height=\"470\" srcset=\"https:\/\/giec.blogs.uva.es\/files\/2012\/02\/Escudo-central3.png 415w, https:\/\/giec.blogs.uva.es\/files\/2012\/02\/Escudo-central3-264x300.png 264w\" sizes=\"auto, (max-width: 415px) 100vw, 415px\" \/><\/p>\n<\/div>\n<div style=\"background-color: #dfdfdf;width: 100%\">\n<p>El\u00a0<em>Grupo de Investigaci\u00f3n en Econom\u00eda de la Cultura<\/em>\u00a0(GIEC\/UVa) se configura como una unidad de la Universidad de Valladolid para el ejercicio de la actividad investigadora y la participaci\u00f3n docente en Programas de Posgrado relacionados con el campo disciplinar de la Econom\u00eda de la Cultura&#8230;<a class=\"read_more\" title=\"Historia\" href=\"https:\/\/giec.blogs.uva.es\/?page_id=44\">Leer m\u00e1s<\/a><\/p>\n<\/div>\n<p>[:gb]<\/p>\n<div style=\"margin: 0 auto auto auto;text-align: center;height: 480px;width: 100%;background-color: #f9fafb\">\n<p><img loading=\"lazy\" decoding=\"async\" class=\"aligncenter size-full wp-image-1055\" src=\"https:\/\/giec.blogs.uva.es\/files\/2012\/02\/Escudo-central3.png\" alt=\"Escudo central UVa\" width=\"415\" height=\"470\" srcset=\"https:\/\/giec.blogs.uva.es\/files\/2012\/02\/Escudo-central3.png 415w, https:\/\/giec.blogs.uva.es\/files\/2012\/02\/Escudo-central3-264x300.png 264w\" sizes=\"auto, (max-width: 415px) 100vw, 415px\" \/><\/p>\n<\/div>\n<div style=\"background-color: #dfdfdf;width: 100%\">\n<p>The\u00a0<em>Cultural Economics Research Group (GIEC\/UVa) is the University of Valladolid group devoted to research and teaching in postgraduate courses related to the field of cultural economics&#8230;<a class=\"read_more\" title=\"Historia\" href=\"https:\/\/giec.blogs.uva.es\/?page_id=44\">Read more<\/a><\/p>\n<p><\/em><\/div>\n","protected":false},"excerpt":{"rendered":"<p>[:es] El\u00a0Grupo de Investigaci\u00f3n en Econom\u00eda de la Cultura\u00a0(GIEC\/UVa) se configura como una unidad de la Universidad de Valladolid para el ejercicio de la actividad investigadora y la participaci\u00f3n docente en Programas de Posgrado relacionados con el campo disciplinar de la Econom\u00eda de la Cultura&#8230;Leer m\u00e1s [:gb] The\u00a0Cultural Economics Research Group (GIEC\/UVa) is the University [&hellip;]<\/p>\n","protected":false},"author":59,"featured_media":0,"parent":0,"menu_order":0,"comment_status":"closed","ping_status":"closed","template":"","meta":{"footnotes":""},"class_list":["post-1047","page","type-page","status-publish","hentry"],"_links":{"self":[{"href":"https:\/\/giec.blogs.uva.es\/index.php?rest_route=\/wp\/v2\/pages\/1047","targetHints":{"allow":["GET"]}}],"collection":[{"href":"https:\/\/giec.blogs.uva.es\/index.php?rest_route=\/wp\/v2\/pages"}],"about":[{"href":"https:\/\/giec.blogs.uva.es\/index.php?rest_route=\/wp\/v2\/types\/page"}],"author":[{"embeddable":true,"href":"https:\/\/giec.blogs.uva.es\/index.php?rest_route=\/wp\/v2\/users\/59"}],"replies":[{"embeddable":true,"href":"https:\/\/giec.blogs.uva.es\/index.php?rest_route=%2Fwp%2Fv2%2Fcomments&post=1047"}],"version-history":[{"count":0,"href":"https:\/\/giec.blogs.uva.es\/index.php?rest_route=\/wp\/v2\/pages\/1047\/revisions"}],"wp:attachment":[{"href":"https:\/\/giec.blogs.uva.es\/index.php?rest_route=%2Fwp%2Fv2%2Fmedia&parent=1047"}],"curies":[{"name":"wp","href":"https:\/\/api.w.org\/{rel}","templated":true}]}}